
{"id":1006,"date":"2018-11-21T11:00:53","date_gmt":"2018-11-21T11:00:53","guid":{"rendered":"http:\/\/testweb4you.com\/projects\/francis\/?post_type=product&#038;p=1006"},"modified":"2025-03-06T09:51:31","modified_gmt":"2025-03-06T09:51:31","slug":"polaris","status":"publish","type":"product","link":"https:\/\/francis.co.uk\/es_ES\/product\/polaris\/","title":{"rendered":"POLARIS"},"content":{"rendered":"<p>Polaris,<br \/>\n la Estrella del Norte o el Polo, es la estrella m\u00e1s brillante en la constelaci\u00f3n de la Osa Menor. La estrella tiene, desde hace miles de a\u00f1os desde su ubicaci\u00f3n permanente en el cielo de la noche, la gente llev\u00f3 a buen puerto a su destino. <\/p>\n<p>El Polaris Francisco produce un rayo est\u00e1tico de gran visibilidad que puede ser utilizado para mejorar las caracter\u00edsticas arquitect\u00f3nicas o bien para crear efectos visuales de inspiraci\u00f3n.<\/p>\n","protected":false},"excerpt":{"rendered":"<p>&#8230;<\/p>\n","protected":false},"featured_media":1007,"comment_status":"open","ping_status":"closed","template":"","meta":[],"product_brand":[],"product_cat":[33],"product_tag":[],"class_list":{"0":"post-1006","1":"product","2":"type-product","3":"status-publish","4":"has-post-thumbnail","6":"product_cat-architectural-extravanganza","8":"first","9":"instock","10":"shipping-taxable","11":"product-type-simple"},"yoast_head":"<!-- This site is optimized with the Yoast SEO plugin v24.4 - https:\/\/yoast.com\/wordpress\/plugins\/seo\/ -->\n<title>Marine Security and Defence Lighting - Francis Searchlights<\/title>\n<meta name=\"description\" content=\"Francis Searchlights specialise in Marine Lighting, Halogen Searchlights, Security Lighting, Xenon Search Lights, Defence Lighting, LED searchlights, led lighting, led spotlight and high power led\" \/>\n<meta name=\"robots\" content=\"index, follow, max-snippet:-1, max-image-preview:large, max-video-preview:-1\" \/>\n<link rel=\"canonical\" href=\"https:\/\/francis.co.uk\/product\/polaris\/\" \/>\n<meta property=\"og:locale\" content=\"es_ES\" \/>\n<meta property=\"og:type\" content=\"article\" \/>\n<meta property=\"og:title\" content=\"Marine Security and Defence Lighting - Francis Searchlights\" \/>\n<meta property=\"og:description\" content=\"Francis Searchlights specialise in Marine Lighting, Halogen Searchlights, Security Lighting, Xenon Search Lights, Defence Lighting, LED searchlights, led lighting, led spotlight and high power led\" \/>\n<meta property=\"og:url\" content=\"https:\/\/francis.co.uk\/product\/polaris\/\" \/>\n<meta property=\"og:site_name\" content=\"Francis\" \/>\n<meta property=\"article:modified_time\" content=\"2025-03-06T09:51:31+00:00\" \/>\n<meta property=\"og:image\" content=\"https:\/\/francis.co.uk\/wp-content\/uploads\/2018\/11\/polaris.gif\" \/>\n\t<meta property=\"og:image:width\" content=\"141\" \/>\n\t<meta property=\"og:image:height\" content=\"200\" \/>\n\t<meta property=\"og:image:type\" content=\"image\/gif\" \/>\n<meta name=\"twitter:card\" content=\"summary_large_image\" \/>\n<meta name=\"twitter:label1\" content=\"Est. reading time\" \/>\n\t<meta name=\"twitter:data1\" content=\"1 minute\" \/>\n<script type=\"application\/ld+json\" class=\"yoast-schema-graph\">{\"@context\":\"https:\/\/schema.org\",\"@graph\":[{\"@type\":\"WebPage\",\"@id\":\"https:\/\/francis.co.uk\/product\/polaris\/\",\"url\":\"https:\/\/francis.co.uk\/product\/polaris\/\",\"name\":\"Marine Security and Defence Lighting - Francis Searchlights\",\"isPartOf\":{\"@id\":\"https:\/\/francis.co.uk\/#website\"},\"primaryImageOfPage\":{\"@id\":\"https:\/\/francis.co.uk\/product\/polaris\/#primaryimage\"},\"image\":{\"@id\":\"https:\/\/francis.co.uk\/product\/polaris\/#primaryimage\"},\"thumbnailUrl\":\"https:\/\/francis.co.uk\/wp-content\/uploads\/2018\/11\/polaris.gif\",\"datePublished\":\"2018-11-21T11:00:53+00:00\",\"dateModified\":\"2025-03-06T09:51:31+00:00\",\"description\":\"Francis Searchlights specialise in Marine Lighting, Halogen Searchlights, Security Lighting, Xenon Search Lights, Defence Lighting, LED searchlights, led lighting, led spotlight and high power led\",\"breadcrumb\":{\"@id\":\"https:\/\/francis.co.uk\/product\/polaris\/#breadcrumb\"},\"inLanguage\":\"es-ES\",\"potentialAction\":[{\"@type\":\"ReadAction\",\"target\":[\"https:\/\/francis.co.uk\/product\/polaris\/\"]}]},{\"@type\":\"ImageObject\",\"inLanguage\":\"es-ES\",\"@id\":\"https:\/\/francis.co.uk\/product\/polaris\/#primaryimage\",\"url\":\"https:\/\/francis.co.uk\/wp-content\/uploads\/2018\/11\/polaris.gif\",\"contentUrl\":\"https:\/\/francis.co.uk\/wp-content\/uploads\/2018\/11\/polaris.gif\",\"width\":141,\"height\":200},{\"@type\":\"BreadcrumbList\",\"@id\":\"https:\/\/francis.co.uk\/product\/polaris\/#breadcrumb\",\"itemListElement\":[{\"@type\":\"ListItem\",\"position\":1,\"name\":\"Home\",\"item\":\"https:\/\/francis.co.uk\/\"},{\"@type\":\"ListItem\",\"position\":2,\"name\":\"Our Products\",\"item\":\"https:\/\/francis.co.uk\/shop\/\"},{\"@type\":\"ListItem\",\"position\":3,\"name\":\"Polaris\"}]},{\"@type\":\"WebSite\",\"@id\":\"https:\/\/francis.co.uk\/#website\",\"url\":\"https:\/\/francis.co.uk\/\",\"name\":\"Francis\",\"description\":\"\",\"publisher\":{\"@id\":\"https:\/\/francis.co.uk\/#organization\"},\"potentialAction\":[{\"@type\":\"SearchAction\",\"target\":{\"@type\":\"EntryPoint\",\"urlTemplate\":\"https:\/\/francis.co.uk\/?s={search_term_string}\"},\"query-input\":{\"@type\":\"PropertyValueSpecification\",\"valueRequired\":true,\"valueName\":\"search_term_string\"}}],\"inLanguage\":\"es-ES\"},{\"@type\":\"Organization\",\"@id\":\"https:\/\/francis.co.uk\/#organization\",\"name\":\"Francis\",\"url\":\"https:\/\/francis.co.uk\/\",\"logo\":{\"@type\":\"ImageObject\",\"inLanguage\":\"es-ES\",\"@id\":\"https:\/\/francis.co.uk\/#\/schema\/logo\/image\/\",\"url\":\"https:\/\/francis.co.uk\/wp-content\/uploads\/2019\/01\/cropped-logo-1.png\",\"contentUrl\":\"https:\/\/francis.co.uk\/wp-content\/uploads\/2019\/01\/cropped-logo-1.png\",\"width\":614,\"height\":250,\"caption\":\"Francis\"},\"image\":{\"@id\":\"https:\/\/francis.co.uk\/#\/schema\/logo\/image\/\"}}]}<\/script>\n<!-- \/ Yoast SEO plugin. -->","yoast_head_json":{"title":"Marine Security and Defence Lighting - Francis Searchlights","description":"Francis Searchlights specialise in Marine Lighting, Halogen Searchlights, Security Lighting, Xenon Search Lights, Defence Lighting, LED searchlights, led lighting, led spotlight and high power led","robots":{"index":"index","follow":"follow","max-snippet":"max-snippet:-1","max-image-preview":"max-image-preview:large","max-video-preview":"max-video-preview:-1"},"canonical":"https:\/\/francis.co.uk\/product\/polaris\/","og_locale":"es_ES","og_type":"article","og_title":"Marine Security and Defence Lighting - Francis Searchlights","og_description":"Francis Searchlights specialise in Marine Lighting, Halogen Searchlights, Security Lighting, Xenon Search Lights, Defence Lighting, LED searchlights, led lighting, led spotlight and high power led","og_url":"https:\/\/francis.co.uk\/product\/polaris\/","og_site_name":"Francis","article_modified_time":"2025-03-06T09:51:31+00:00","og_image":[{"width":141,"height":200,"url":"https:\/\/francis.co.uk\/wp-content\/uploads\/2018\/11\/polaris.gif","type":"image\/gif"}],"twitter_card":"summary_large_image","twitter_misc":{"Est. reading time":"1 minute"},"schema":{"@context":"https:\/\/schema.org","@graph":[{"@type":"WebPage","@id":"https:\/\/francis.co.uk\/product\/polaris\/","url":"https:\/\/francis.co.uk\/product\/polaris\/","name":"Marine Security and Defence Lighting - Francis Searchlights","isPartOf":{"@id":"https:\/\/francis.co.uk\/#website"},"primaryImageOfPage":{"@id":"https:\/\/francis.co.uk\/product\/polaris\/#primaryimage"},"image":{"@id":"https:\/\/francis.co.uk\/product\/polaris\/#primaryimage"},"thumbnailUrl":"https:\/\/francis.co.uk\/wp-content\/uploads\/2018\/11\/polaris.gif","datePublished":"2018-11-21T11:00:53+00:00","dateModified":"2025-03-06T09:51:31+00:00","description":"Francis Searchlights specialise in Marine Lighting, Halogen Searchlights, Security Lighting, Xenon Search Lights, Defence Lighting, LED searchlights, led lighting, led spotlight and high power led","breadcrumb":{"@id":"https:\/\/francis.co.uk\/product\/polaris\/#breadcrumb"},"inLanguage":"es-ES","potentialAction":[{"@type":"ReadAction","target":["https:\/\/francis.co.uk\/product\/polaris\/"]}]},{"@type":"ImageObject","inLanguage":"es-ES","@id":"https:\/\/francis.co.uk\/product\/polaris\/#primaryimage","url":"https:\/\/francis.co.uk\/wp-content\/uploads\/2018\/11\/polaris.gif","contentUrl":"https:\/\/francis.co.uk\/wp-content\/uploads\/2018\/11\/polaris.gif","width":141,"height":200},{"@type":"BreadcrumbList","@id":"https:\/\/francis.co.uk\/product\/polaris\/#breadcrumb","itemListElement":[{"@type":"ListItem","position":1,"name":"Home","item":"https:\/\/francis.co.uk\/"},{"@type":"ListItem","position":2,"name":"Our Products","item":"https:\/\/francis.co.uk\/shop\/"},{"@type":"ListItem","position":3,"name":"Polaris"}]},{"@type":"WebSite","@id":"https:\/\/francis.co.uk\/#website","url":"https:\/\/francis.co.uk\/","name":"Francis","description":"","publisher":{"@id":"https:\/\/francis.co.uk\/#organization"},"potentialAction":[{"@type":"SearchAction","target":{"@type":"EntryPoint","urlTemplate":"https:\/\/francis.co.uk\/?s={search_term_string}"},"query-input":{"@type":"PropertyValueSpecification","valueRequired":true,"valueName":"search_term_string"}}],"inLanguage":"es-ES"},{"@type":"Organization","@id":"https:\/\/francis.co.uk\/#organization","name":"Francis","url":"https:\/\/francis.co.uk\/","logo":{"@type":"ImageObject","inLanguage":"es-ES","@id":"https:\/\/francis.co.uk\/#\/schema\/logo\/image\/","url":"https:\/\/francis.co.uk\/wp-content\/uploads\/2019\/01\/cropped-logo-1.png","contentUrl":"https:\/\/francis.co.uk\/wp-content\/uploads\/2019\/01\/cropped-logo-1.png","width":614,"height":250,"caption":"Francis"},"image":{"@id":"https:\/\/francis.co.uk\/#\/schema\/logo\/image\/"}}]}},"_links":{"self":[{"href":"https:\/\/francis.co.uk\/es_ES\/wp-json\/wp\/v2\/product\/1006","targetHints":{"allow":["GET"]}}],"collection":[{"href":"https:\/\/francis.co.uk\/es_ES\/wp-json\/wp\/v2\/product"}],"about":[{"href":"https:\/\/francis.co.uk\/es_ES\/wp-json\/wp\/v2\/types\/product"}],"replies":[{"embeddable":true,"href":"https:\/\/francis.co.uk\/es_ES\/wp-json\/wp\/v2\/comments?post=1006"}],"wp:featuredmedia":[{"embeddable":true,"href":"https:\/\/francis.co.uk\/es_ES\/wp-json\/wp\/v2\/media\/1007"}],"wp:attachment":[{"href":"https:\/\/francis.co.uk\/es_ES\/wp-json\/wp\/v2\/media?parent=1006"}],"wp:term":[{"taxonomy":"product_brand","embeddable":true,"href":"https:\/\/francis.co.uk\/es_ES\/wp-json\/wp\/v2\/product_brand?post=1006"},{"taxonomy":"product_cat","embeddable":true,"href":"https:\/\/francis.co.uk\/es_ES\/wp-json\/wp\/v2\/product_cat?post=1006"},{"taxonomy":"product_tag","embeddable":true,"href":"https:\/\/francis.co.uk\/es_ES\/wp-json\/wp\/v2\/product_tag?post=1006"}],"curies":[{"name":"wp","href":"https:\/\/api.w.org\/{rel}","templated":true}]}}