
{"id":177,"date":"2018-10-31T21:27:28","date_gmt":"2018-10-31T21:27:28","guid":{"rendered":"http:\/\/127.0.0.1\/francis\/?page_id=177"},"modified":"2021-12-14T14:00:03","modified_gmt":"2021-12-14T14:00:03","slug":"contact-us-distributors","status":"publish","type":"page","link":"https:\/\/francis.co.uk\/fr_FR\/contact-us-distributors\/","title":{"rendered":"Contact"},"content":{"rendered":"<div class=\"wpb-content-wrapper\"><p>[vc_row<br \/>\n full_width=&#8221;stretch_row_content_no_spaces&#8221; css=&#8221;.vc_custom_1544619602724{margin-top: -50px !important;}&#8221;][vc_column][vc_column_text]    \t<div id=\"map-container\">\r\n        <div id=\"mapdiv\" data-lat=\"\" data-long=\"\" data-zoom=\"\" style=\"width: 100%; background-color:#EEEEEE; height: 500px;\"><\/div>\r\n        <div id=\"desc_overlay\" class=\"animated\">\r\n\t        <h2 class=\"pop_desc_title\"><\/h2><span id=\"ico_close\"><img decoding=\"async\" src=\"https:\/\/francis.co.uk\/wp-content\/plugins\/ideal-interactive-map\/img\/close.png\" align=\"middle\" \/><\/span>\r\n\t        <div id=\"overlay-content\"><\/p>\r\n\t        <\/div>\r\n        <\/div>\r\n    \t<\/div>\r\n    \t<div id=\"mapreadmore\">\r\n    \t<\/div> [\/vc_column_text][\/vc_column][\/vc_row]<br \/>\n[vc_row<br \/>\n][vc_column][vc_empty_space height=&#8221;50px&#8221;][\/vc_column][\/vc_row]<br \/>\n[vc_row<br \/>\n][vc_column width=&#8221;1\/2&#8243;]\n<div class=\"wpcf7 no-js\" id=\"wpcf7-f781-o1\" lang=\"en-US\" dir=\"ltr\" data-wpcf7-id=\"781\">\n<div class=\"screen-reader-response\"><p role=\"status\" aria-live=\"polite\" aria-atomic=\"true\"><\/p> <ul><\/ul><\/div>\n<form action=\"\/fr_FR\/wp-json\/wp\/v2\/pages\/177#wpcf7-f781-o1\" method=\"post\" class=\"wpcf7-form init\" aria-label=\"Contact form\" novalidate=\"novalidate\" data-status=\"init\">\n<div style=\"display: none;\">\n<input type=\"hidden\" name=\"_wpcf7\" value=\"781\" \/>\n<input type=\"hidden\" name=\"_wpcf7_version\" value=\"6.0.3\" \/>\n<input type=\"hidden\" name=\"_wpcf7_locale\" value=\"en_US\" \/>\n<input type=\"hidden\" name=\"_wpcf7_unit_tag\" value=\"wpcf7-f781-o1\" \/>\n<input type=\"hidden\" name=\"_wpcf7_container_post\" value=\"0\" \/>\n<input type=\"hidden\" name=\"_wpcf7_posted_data_hash\" value=\"\" \/>\n<input type=\"hidden\" name=\"_wpcf7_recaptcha_response\" value=\"\" \/>\n<\/div>\n<div id=\"contact-us-form\">\n\t<div class=\"form-group\">\n\t\t<p><span class=\"wpcf7-form-control-wrap\" data-name=\"your-name\"><input size=\"40\" maxlength=\"400\" class=\"wpcf7-form-control wpcf7-text wpcf7-validates-as-required form-control\" aria-required=\"true\" aria-invalid=\"false\" placeholder=\"pr\u00e9nom*\" value=\"\" type=\"text\" name=\"your-name\" \/><\/span>\n\t\t<\/p>\n\t<\/div>\n\t<div class=\"form-group\">\n\t\t<p><span class=\"wpcf7-form-control-wrap\" data-name=\"your-position\"><input size=\"40\" maxlength=\"400\" class=\"wpcf7-form-control wpcf7-text wpcf7-validates-as-required form-control\" aria-required=\"true\" aria-invalid=\"false\" placeholder=\"Position*\" value=\"\" type=\"text\" name=\"your-position\" \/><\/span>\n\t\t<\/p>\n\t<\/div>\n\t<div class=\"form-group\">\n\t\t<p><span class=\"wpcf7-form-control-wrap\" data-name=\"your-organisation-name\"><input size=\"40\" maxlength=\"400\" class=\"wpcf7-form-control wpcf7-text wpcf7-validates-as-required form-control\" aria-required=\"true\" aria-invalid=\"false\" placeholder=\"Nom de l&#039;organisme*\" value=\"\" type=\"text\" name=\"your-organisation-name\" \/><\/span>\n\t\t<\/p>\n\t<\/div>\n\t<div class=\"form-group\">\n\t\t<p><span class=\"wpcf7-form-control-wrap\" data-name=\"your-email-address\"><input size=\"40\" maxlength=\"400\" class=\"wpcf7-form-control wpcf7-email wpcf7-validates-as-required wpcf7-text wpcf7-validates-as-email form-control\" aria-required=\"true\" aria-invalid=\"false\" placeholder=\"Adresse \u00e9lectronique*\" value=\"\" type=\"email\" name=\"your-email-address\" \/><\/span>\n\t\t<\/p>\n\t<\/div>\n\t<div class=\"form-group\">\n\t\t<p><span class=\"wpcf7-form-control-wrap\" data-name=\"your-telephone\"><input size=\"40\" maxlength=\"400\" class=\"wpcf7-form-control wpcf7-tel wpcf7-validates-as-required wpcf7-text wpcf7-validates-as-tel form-control\" aria-required=\"true\" aria-invalid=\"false\" placeholder=\"T\u00e9l\u00e9phone*\" value=\"\" type=\"tel\" name=\"your-telephone\" \/><\/span>\n\t\t<\/p>\n\t<\/div>\n\t<div class=\"form-group\">\n\t\t<p><span class=\"wpcf7-form-control-wrap\" data-name=\"your-location-country\"><textarea cols=\"40\" rows=\"10\" maxlength=\"2000\" class=\"wpcf7-form-control wpcf7-textarea wpcf7-validates-as-required form-control\" aria-required=\"true\" aria-invalid=\"false\" placeholder=\"Lieu \/ Pays*\" name=\"your-location-country\"><\/textarea><\/span>\n\t\t<\/p>\n\t<\/div>\n\t<div class=\"form-group\">\n\t\t<p><span class=\"wpcf7-form-control-wrap\" data-name=\"your-nature-your-enquiry\"><textarea cols=\"40\" rows=\"10\" maxlength=\"2000\" class=\"wpcf7-form-control wpcf7-textarea wpcf7-validates-as-required form-control\" aria-required=\"true\" aria-invalid=\"false\" placeholder=\"Nature de votre demande*\" name=\"your-nature-your-enquiry\"><\/textarea><\/span>\n\t\t<\/p>\n\t<\/div>\n\t<div class=\"form-group\">\n\t\t<h5>D\u00c9CLARATION DE CONFORMIT\u00c9 GDPR\n\t\t<\/h5>\n\t\t<p><label><span class=\"wpcf7-form-control-wrap\" data-name=\"condition\"><span class=\"wpcf7-form-control wpcf7-checkbox\"><span class=\"wpcf7-list-item first last\"><input type=\"checkbox\" name=\"condition[]\" value=\"Je \/ nous consentons \u00e0 ce que mes \/ nos coordonn\u00e9es soient trait\u00e9es et utilis\u00e9es pour toute communication de votre organisation. Je comprends \/ nous comprenons que nous pouvons retirer ce consentement \u00e0 tout moment et que, dans le cas o\u00f9 nous ne sommes pas dans une relation commerciale en cours, nos coordonn\u00e9es seront conserv\u00e9es pendant deux ans au maximum, mais seront supprim\u00e9es \u00e0 tout moment sur demande.\" \/><span class=\"wpcf7-list-item-label\">Je \/ nous consentons \u00e0 ce que mes \/ nos coordonn\u00e9es soient trait\u00e9es et utilis\u00e9es pour toute communication de votre organisation. Je comprends \/ nous comprenons que nous pouvons retirer ce consentement \u00e0 tout moment et que, dans le cas o\u00f9 nous ne sommes pas dans une relation commerciale en cours, nos coordonn\u00e9es seront conserv\u00e9es pendant deux ans au maximum, mais seront supprim\u00e9es \u00e0 tout moment sur demande.<\/span><\/span><\/span><\/span> <\/label>\n\t\t<\/p>\n\t<\/div>\n\t<div class=\"form-group\">\n\t\t<p><input class=\"wpcf7-form-control wpcf7-submit has-spinner\" type=\"submit\" value=\"Send\" \/>\n\t\t<\/p>\n\t<\/div>\n<\/div><div class=\"wpcf7-response-output\" aria-hidden=\"true\"><\/div>\n<\/form>\n<\/div>\n[\/vc_column][vc_column width=&#8221;1\/2&#8243;][vc_column_text]Cette d\u00e9claration est faite pour se conformer \u00e0 The Companies Act 2006.<\/p>\n<p><span class=\"hl\">Tel: <\/span><a href=\"tel:+4401204558960\">+44 (0)1204 558960<\/a><br \/>\n<span class=\"hl\">Fax: <\/span><a href=\"tel:+4401204558979\">+44 (0)1204 558979<\/a><br \/>\n<span class=\"hl\">Skype: <\/span> <a href=\"skype:marcsthurston?call\">marcsthurston<\/a><br \/>\n<span class=\"hl\">Adresse:<\/span>Francis Searchlights Ltd, Union Road, Bolton, Royaume-Uni, BL2 2HJ<\/p>\n<h6>Email contacts:<\/h6>\n<p><span class=\"hl\">Ventes:<\/span><a href=\"mailto:sales@francis.co.uk\">sales@francis.co.uk<\/a><\/p>\n<p>Le num\u00e9ro d&#8217;enregistrement de notre soci\u00e9t\u00e9 est: <b>2503257<\/b><\/p>\n<p>Ce site Web est la propri\u00e9t\u00e9 exclusive de et g\u00e9r\u00e9 par: <strong> Francis Searchlights Limited <\/strong>.<\/p>\n<p>Nous respectons scrupuleusement les directives GDPR et nous engageons professionnellement \u00e0 prot\u00e9ger et \u00e0 s\u00e9curiser les donn\u00e9es. Ce site Web utilise des cookies afin d&#8217;am\u00e9liorer votre exp\u00e9rience de navigation et de nous permettre de surveiller l&#8217;utilisation du site. Les cookies peuvent \u00eatre utilis\u00e9s pour vous aider lors de votre prochaine visite sur le site. &#8211; Nous n&#8217;utilisons pas ces informations pour suivre vos activit\u00e9s de navigation personnelles ou vos habitudes de navigation, ni pour suivre votre utilisation de l&#8217;internet, ni pour partager des donn\u00e9es personnelles avec des tiers, quels qu&#8217;ils soient visitez notre site Web. Si vous ne visitez pas ce site Web pendant plus de 2 ans, vos donn\u00e9es d&#8217;identit\u00e9 seront supprim\u00e9es du site.<\/p>\n<p>Si vous avez choisi l\u2019utilisation de cookies en liaison avec l\u2019utilisation de ce site, vous pouvez vous d\u00e9sinscrire \u00e0 tout moment via notre site Web. <a href=\"cookie-policy.htm\">politique de cookie<\/a> page[\/vc_column_text][\/vc_column][\/vc_row]<\/p>\n<\/div>","protected":false},"excerpt":{"rendered":"<p>[vc_row full_width=&#8221;stretch_row_content_no_spaces&#8221; css=&#8221;.vc_custom_1544619602724{margin-top: -50px !important;}&#8221;][vc_column][vc_column_text][iwg_maps][\/vc_column_text][\/vc_column][\/vc_row][vc_row][vc_column][vc_empty_space height=&#8221;50px&#8221;][\/vc_column][&#8230;<\/p>\n","protected":false},"author":1,"featured_media":1758,"parent":0,"menu_order":0,"comment_status":"closed","ping_status":"closed","template":"","meta":{"footnotes":""},"class_list":["post-177","page","type-page","status-publish","has-post-thumbnail","hentry"],"yoast_head":"<!-- This site is optimized with the Yoast SEO plugin v24.4 - https:\/\/yoast.com\/wordpress\/plugins\/seo\/ -->\n<title>building security spotlights search lights lighting contact Francis Searchlights<\/title>\n<meta name=\"description\" content=\"Francis Searchlights specialise in Marine Lighting, Halogen Searchlights, Building Architectural Searchlights Security Lighting, Spotlights, Xenon Searchlights and Defence Lighting\" \/>\n<meta name=\"robots\" content=\"index, follow, max-snippet:-1, max-image-preview:large, max-video-preview:-1\" \/>\n<link rel=\"canonical\" href=\"https:\/\/francis.co.uk\/en_US\/contact-us-distributors\/\" \/>\n<meta property=\"og:locale\" content=\"fr_FR\" \/>\n<meta property=\"og:type\" content=\"article\" \/>\n<meta property=\"og:title\" content=\"building security spotlights search lights lighting contact Francis Searchlights\" \/>\n<meta property=\"og:description\" content=\"Francis Searchlights specialise in Marine Lighting, Halogen Searchlights, Building Architectural Searchlights Security Lighting, Spotlights, Xenon Searchlights and Defence Lighting\" \/>\n<meta property=\"og:url\" content=\"https:\/\/francis.co.uk\/en_US\/contact-us-distributors\/\" \/>\n<meta property=\"og:site_name\" content=\"Francis\" \/>\n<meta property=\"article:modified_time\" content=\"2021-12-14T14:00:03+00:00\" \/>\n<meta property=\"og:image\" content=\"https:\/\/francis.co.uk\/wp-content\/uploads\/2019\/01\/contact-us-banner.jpg\" \/>\n\t<meta property=\"og:image:width\" content=\"1920\" \/>\n\t<meta property=\"og:image:height\" content=\"500\" \/>\n\t<meta property=\"og:image:type\" content=\"image\/jpeg\" \/>\n<meta name=\"twitter:card\" content=\"summary_large_image\" \/>\n<meta name=\"twitter:label1\" content=\"Est. reading time\" \/>\n\t<meta name=\"twitter:data1\" content=\"1 minute\" \/>\n<script type=\"application\/ld+json\" class=\"yoast-schema-graph\">{\"@context\":\"https:\/\/schema.org\",\"@graph\":[{\"@type\":\"WebPage\",\"@id\":\"https:\/\/francis.co.uk\/en_US\/contact-us-distributors\/\",\"url\":\"https:\/\/francis.co.uk\/en_US\/contact-us-distributors\/\",\"name\":\"building security spotlights search lights lighting contact Francis Searchlights\",\"isPartOf\":{\"@id\":\"https:\/\/francis.co.uk\/#website\"},\"primaryImageOfPage\":{\"@id\":\"https:\/\/francis.co.uk\/en_US\/contact-us-distributors\/#primaryimage\"},\"image\":{\"@id\":\"https:\/\/francis.co.uk\/en_US\/contact-us-distributors\/#primaryimage\"},\"thumbnailUrl\":\"https:\/\/francis.co.uk\/wp-content\/uploads\/2019\/01\/contact-us-banner.jpg\",\"datePublished\":\"2018-10-31T21:27:28+00:00\",\"dateModified\":\"2021-12-14T14:00:03+00:00\",\"description\":\"Francis Searchlights specialise in Marine Lighting, Halogen Searchlights, Building Architectural Searchlights Security Lighting, Spotlights, Xenon Searchlights and Defence Lighting\",\"breadcrumb\":{\"@id\":\"https:\/\/francis.co.uk\/en_US\/contact-us-distributors\/#breadcrumb\"},\"inLanguage\":\"fr-FR\",\"potentialAction\":[{\"@type\":\"ReadAction\",\"target\":[\"https:\/\/francis.co.uk\/en_US\/contact-us-distributors\/\"]}]},{\"@type\":\"ImageObject\",\"inLanguage\":\"fr-FR\",\"@id\":\"https:\/\/francis.co.uk\/en_US\/contact-us-distributors\/#primaryimage\",\"url\":\"https:\/\/francis.co.uk\/wp-content\/uploads\/2019\/01\/contact-us-banner.jpg\",\"contentUrl\":\"https:\/\/francis.co.uk\/wp-content\/uploads\/2019\/01\/contact-us-banner.jpg\",\"width\":1920,\"height\":392},{\"@type\":\"BreadcrumbList\",\"@id\":\"https:\/\/francis.co.uk\/en_US\/contact-us-distributors\/#breadcrumb\",\"itemListElement\":[{\"@type\":\"ListItem\",\"position\":1,\"name\":\"Home\",\"item\":\"https:\/\/francis.co.uk\/\"},{\"@type\":\"ListItem\",\"position\":2,\"name\":\"Contact Us & Distributors\"}]},{\"@type\":\"WebSite\",\"@id\":\"https:\/\/francis.co.uk\/#website\",\"url\":\"https:\/\/francis.co.uk\/\",\"name\":\"Francis\",\"description\":\"\",\"publisher\":{\"@id\":\"https:\/\/francis.co.uk\/#organization\"},\"potentialAction\":[{\"@type\":\"SearchAction\",\"target\":{\"@type\":\"EntryPoint\",\"urlTemplate\":\"https:\/\/francis.co.uk\/?s={search_term_string}\"},\"query-input\":{\"@type\":\"PropertyValueSpecification\",\"valueRequired\":true,\"valueName\":\"search_term_string\"}}],\"inLanguage\":\"fr-FR\"},{\"@type\":\"Organization\",\"@id\":\"https:\/\/francis.co.uk\/#organization\",\"name\":\"Francis\",\"url\":\"https:\/\/francis.co.uk\/\",\"logo\":{\"@type\":\"ImageObject\",\"inLanguage\":\"fr-FR\",\"@id\":\"https:\/\/francis.co.uk\/#\/schema\/logo\/image\/\",\"url\":\"https:\/\/francis.co.uk\/wp-content\/uploads\/2019\/01\/cropped-logo-1.png\",\"contentUrl\":\"https:\/\/francis.co.uk\/wp-content\/uploads\/2019\/01\/cropped-logo-1.png\",\"width\":614,\"height\":250,\"caption\":\"Francis\"},\"image\":{\"@id\":\"https:\/\/francis.co.uk\/#\/schema\/logo\/image\/\"}}]}<\/script>\n<!-- \/ Yoast SEO plugin. -->","yoast_head_json":{"title":"building security spotlights search lights lighting contact Francis Searchlights","description":"Francis Searchlights specialise in Marine Lighting, Halogen Searchlights, Building Architectural Searchlights Security Lighting, Spotlights, Xenon Searchlights and Defence Lighting","robots":{"index":"index","follow":"follow","max-snippet":"max-snippet:-1","max-image-preview":"max-image-preview:large","max-video-preview":"max-video-preview:-1"},"canonical":"https:\/\/francis.co.uk\/en_US\/contact-us-distributors\/","og_locale":"fr_FR","og_type":"article","og_title":"building security spotlights search lights lighting contact Francis Searchlights","og_description":"Francis Searchlights specialise in Marine Lighting, Halogen Searchlights, Building Architectural Searchlights Security Lighting, Spotlights, Xenon Searchlights and Defence Lighting","og_url":"https:\/\/francis.co.uk\/en_US\/contact-us-distributors\/","og_site_name":"Francis","article_modified_time":"2021-12-14T14:00:03+00:00","og_image":[{"width":1920,"height":500,"url":"https:\/\/francis.co.uk\/wp-content\/uploads\/2019\/01\/contact-us-banner.jpg","type":"image\/jpeg"}],"twitter_card":"summary_large_image","twitter_misc":{"Est. reading time":"1 minute"},"schema":{"@context":"https:\/\/schema.org","@graph":[{"@type":"WebPage","@id":"https:\/\/francis.co.uk\/en_US\/contact-us-distributors\/","url":"https:\/\/francis.co.uk\/en_US\/contact-us-distributors\/","name":"building security spotlights search lights lighting contact Francis Searchlights","isPartOf":{"@id":"https:\/\/francis.co.uk\/#website"},"primaryImageOfPage":{"@id":"https:\/\/francis.co.uk\/en_US\/contact-us-distributors\/#primaryimage"},"image":{"@id":"https:\/\/francis.co.uk\/en_US\/contact-us-distributors\/#primaryimage"},"thumbnailUrl":"https:\/\/francis.co.uk\/wp-content\/uploads\/2019\/01\/contact-us-banner.jpg","datePublished":"2018-10-31T21:27:28+00:00","dateModified":"2021-12-14T14:00:03+00:00","description":"Francis Searchlights specialise in Marine Lighting, Halogen Searchlights, Building Architectural Searchlights Security Lighting, Spotlights, Xenon Searchlights and Defence Lighting","breadcrumb":{"@id":"https:\/\/francis.co.uk\/en_US\/contact-us-distributors\/#breadcrumb"},"inLanguage":"fr-FR","potentialAction":[{"@type":"ReadAction","target":["https:\/\/francis.co.uk\/en_US\/contact-us-distributors\/"]}]},{"@type":"ImageObject","inLanguage":"fr-FR","@id":"https:\/\/francis.co.uk\/en_US\/contact-us-distributors\/#primaryimage","url":"https:\/\/francis.co.uk\/wp-content\/uploads\/2019\/01\/contact-us-banner.jpg","contentUrl":"https:\/\/francis.co.uk\/wp-content\/uploads\/2019\/01\/contact-us-banner.jpg","width":1920,"height":392},{"@type":"BreadcrumbList","@id":"https:\/\/francis.co.uk\/en_US\/contact-us-distributors\/#breadcrumb","itemListElement":[{"@type":"ListItem","position":1,"name":"Home","item":"https:\/\/francis.co.uk\/"},{"@type":"ListItem","position":2,"name":"Contact Us & Distributors"}]},{"@type":"WebSite","@id":"https:\/\/francis.co.uk\/#website","url":"https:\/\/francis.co.uk\/","name":"Francis","description":"","publisher":{"@id":"https:\/\/francis.co.uk\/#organization"},"potentialAction":[{"@type":"SearchAction","target":{"@type":"EntryPoint","urlTemplate":"https:\/\/francis.co.uk\/?s={search_term_string}"},"query-input":{"@type":"PropertyValueSpecification","valueRequired":true,"valueName":"search_term_string"}}],"inLanguage":"fr-FR"},{"@type":"Organization","@id":"https:\/\/francis.co.uk\/#organization","name":"Francis","url":"https:\/\/francis.co.uk\/","logo":{"@type":"ImageObject","inLanguage":"fr-FR","@id":"https:\/\/francis.co.uk\/#\/schema\/logo\/image\/","url":"https:\/\/francis.co.uk\/wp-content\/uploads\/2019\/01\/cropped-logo-1.png","contentUrl":"https:\/\/francis.co.uk\/wp-content\/uploads\/2019\/01\/cropped-logo-1.png","width":614,"height":250,"caption":"Francis"},"image":{"@id":"https:\/\/francis.co.uk\/#\/schema\/logo\/image\/"}}]}},"_links":{"self":[{"href":"https:\/\/francis.co.uk\/fr_FR\/wp-json\/wp\/v2\/pages\/177","targetHints":{"allow":["GET"]}}],"collection":[{"href":"https:\/\/francis.co.uk\/fr_FR\/wp-json\/wp\/v2\/pages"}],"about":[{"href":"https:\/\/francis.co.uk\/fr_FR\/wp-json\/wp\/v2\/types\/page"}],"author":[{"embeddable":true,"href":"https:\/\/francis.co.uk\/fr_FR\/wp-json\/wp\/v2\/users\/1"}],"replies":[{"embeddable":true,"href":"https:\/\/francis.co.uk\/fr_FR\/wp-json\/wp\/v2\/comments?post=177"}],"version-history":[{"count":156,"href":"https:\/\/francis.co.uk\/fr_FR\/wp-json\/wp\/v2\/pages\/177\/revisions"}],"predecessor-version":[{"id":2162,"href":"https:\/\/francis.co.uk\/fr_FR\/wp-json\/wp\/v2\/pages\/177\/revisions\/2162"}],"wp:featuredmedia":[{"embeddable":true,"href":"https:\/\/francis.co.uk\/fr_FR\/wp-json\/wp\/v2\/media\/1758"}],"wp:attachment":[{"href":"https:\/\/francis.co.uk\/fr_FR\/wp-json\/wp\/v2\/media?parent=177"}],"curies":[{"name":"wp","href":"https:\/\/api.w.org\/{rel}","templated":true}]}}