
{"id":1289,"date":"2018-12-11T13:02:23","date_gmt":"2018-12-11T13:02:23","guid":{"rendered":"http:\/\/testweb4you.com\/projects\/francis\/?post_type=product&#038;p=1289"},"modified":"2026-03-02T14:23:56","modified_gmt":"2026-03-02T14:23:56","slug":"suez-canal-searchlight","status":"publish","type":"product","link":"https:\/\/francis.co.uk\/fr_FR\/product\/suez-canal-searchlight\/","title":{"rendered":"SUEZ CANAL RECHERCHE"},"content":{"rendered":"<p>Des<br \/>\n projecteurs approuv\u00e9s par le canal de Suez sont n\u00e9cessaires pour une navigation s\u00fbre et l\u00e9gale dans le canal. Fabriqu\u00e9s en aluminium pour r\u00e9duire le poids, ces appareils utilisent une conception \u00e0 miroir divis\u00e9 et offrent une configuration \u00e0 deux lampes avec possibilit\u00e9 de changement. Avec deux mod\u00e8les dans la gamme, une version aux halog\u00e9nures m\u00e9talliques de 380 mm (15 &#8220;) et une version 3kw de 710 mm (28&#8221;), vous trouverez un produit qui r\u00e9pondra \u00e0 vos exigences.<\/p>\n","protected":false},"excerpt":{"rendered":"<p>&#8230;<\/p>\n","protected":false},"featured_media":2002,"comment_status":"open","ping_status":"closed","template":"","meta":[],"product_brand":[],"product_cat":[16,36],"product_tag":[],"class_list":{"0":"post-1289","1":"product","2":"type-product","3":"status-publish","4":"has-post-thumbnail","6":"product_cat-all","7":"product_cat-technical-data","9":"first","10":"instock","11":"shipping-taxable","12":"product-type-simple"},"yoast_head":"<!-- This site is optimized with the Yoast SEO plugin v24.4 - https:\/\/yoast.com\/wordpress\/plugins\/seo\/ -->\n<title>Marine Security and Defence Lighting - Francis Searchlights<\/title>\n<meta name=\"description\" content=\"Francis Searchlights specialise in Marine Lighting, Halogen Searchlights, Security Lighting, Xenon Search Lights, Defence Lighting, LED searchlights, led lighting, led spotlight and high power led\" \/>\n<meta name=\"robots\" content=\"index, follow, max-snippet:-1, max-image-preview:large, max-video-preview:-1\" \/>\n<link rel=\"canonical\" href=\"https:\/\/francis.co.uk\/product\/suez-canal-searchlight\/\" \/>\n<meta property=\"og:locale\" content=\"fr_FR\" \/>\n<meta property=\"og:type\" content=\"article\" \/>\n<meta property=\"og:title\" content=\"Marine Security and Defence Lighting - Francis Searchlights\" \/>\n<meta property=\"og:description\" content=\"Francis Searchlights specialise in Marine Lighting, Halogen Searchlights, Security Lighting, Xenon Search Lights, Defence Lighting, LED searchlights, led lighting, led spotlight and high power led\" \/>\n<meta property=\"og:url\" content=\"https:\/\/francis.co.uk\/product\/suez-canal-searchlight\/\" \/>\n<meta property=\"og:site_name\" content=\"Francis\" \/>\n<meta property=\"article:modified_time\" content=\"2026-03-02T14:23:56+00:00\" \/>\n<meta property=\"og:image\" content=\"https:\/\/francis.co.uk\/wp-content\/uploads\/2018\/12\/Suez-no-BG.jpg\" \/>\n\t<meta property=\"og:image:width\" content=\"602\" \/>\n\t<meta property=\"og:image:height\" content=\"650\" \/>\n\t<meta property=\"og:image:type\" content=\"image\/jpeg\" \/>\n<meta name=\"twitter:card\" content=\"summary_large_image\" \/>\n<meta name=\"twitter:label1\" content=\"Est. reading time\" \/>\n\t<meta name=\"twitter:data1\" content=\"1 minute\" \/>\n<script type=\"application\/ld+json\" class=\"yoast-schema-graph\">{\"@context\":\"https:\/\/schema.org\",\"@graph\":[{\"@type\":\"WebPage\",\"@id\":\"https:\/\/francis.co.uk\/product\/suez-canal-searchlight\/\",\"url\":\"https:\/\/francis.co.uk\/product\/suez-canal-searchlight\/\",\"name\":\"Marine Security and Defence Lighting - Francis Searchlights\",\"isPartOf\":{\"@id\":\"https:\/\/francis.co.uk\/#website\"},\"primaryImageOfPage\":{\"@id\":\"https:\/\/francis.co.uk\/product\/suez-canal-searchlight\/#primaryimage\"},\"image\":{\"@id\":\"https:\/\/francis.co.uk\/product\/suez-canal-searchlight\/#primaryimage\"},\"thumbnailUrl\":\"https:\/\/francis.co.uk\/wp-content\/uploads\/2018\/12\/Suez-no-BG.jpg\",\"datePublished\":\"2018-12-11T13:02:23+00:00\",\"dateModified\":\"2026-03-02T14:23:56+00:00\",\"description\":\"Francis Searchlights specialise in Marine Lighting, Halogen Searchlights, Security Lighting, Xenon Search Lights, Defence Lighting, LED searchlights, led lighting, led spotlight and high power led\",\"breadcrumb\":{\"@id\":\"https:\/\/francis.co.uk\/product\/suez-canal-searchlight\/#breadcrumb\"},\"inLanguage\":\"fr-FR\",\"potentialAction\":[{\"@type\":\"ReadAction\",\"target\":[\"https:\/\/francis.co.uk\/product\/suez-canal-searchlight\/\"]}]},{\"@type\":\"ImageObject\",\"inLanguage\":\"fr-FR\",\"@id\":\"https:\/\/francis.co.uk\/product\/suez-canal-searchlight\/#primaryimage\",\"url\":\"https:\/\/francis.co.uk\/wp-content\/uploads\/2018\/12\/Suez-no-BG.jpg\",\"contentUrl\":\"https:\/\/francis.co.uk\/wp-content\/uploads\/2018\/12\/Suez-no-BG.jpg\",\"width\":602,\"height\":650},{\"@type\":\"BreadcrumbList\",\"@id\":\"https:\/\/francis.co.uk\/product\/suez-canal-searchlight\/#breadcrumb\",\"itemListElement\":[{\"@type\":\"ListItem\",\"position\":1,\"name\":\"Home\",\"item\":\"https:\/\/francis.co.uk\/\"},{\"@type\":\"ListItem\",\"position\":2,\"name\":\"Our Products\",\"item\":\"https:\/\/francis.co.uk\/shop\/\"},{\"@type\":\"ListItem\",\"position\":3,\"name\":\"Suez Canal Searchlight\"}]},{\"@type\":\"WebSite\",\"@id\":\"https:\/\/francis.co.uk\/#website\",\"url\":\"https:\/\/francis.co.uk\/\",\"name\":\"Francis\",\"description\":\"\",\"publisher\":{\"@id\":\"https:\/\/francis.co.uk\/#organization\"},\"potentialAction\":[{\"@type\":\"SearchAction\",\"target\":{\"@type\":\"EntryPoint\",\"urlTemplate\":\"https:\/\/francis.co.uk\/?s={search_term_string}\"},\"query-input\":{\"@type\":\"PropertyValueSpecification\",\"valueRequired\":true,\"valueName\":\"search_term_string\"}}],\"inLanguage\":\"fr-FR\"},{\"@type\":\"Organization\",\"@id\":\"https:\/\/francis.co.uk\/#organization\",\"name\":\"Francis\",\"url\":\"https:\/\/francis.co.uk\/\",\"logo\":{\"@type\":\"ImageObject\",\"inLanguage\":\"fr-FR\",\"@id\":\"https:\/\/francis.co.uk\/#\/schema\/logo\/image\/\",\"url\":\"https:\/\/francis.co.uk\/wp-content\/uploads\/2019\/01\/cropped-logo-1.png\",\"contentUrl\":\"https:\/\/francis.co.uk\/wp-content\/uploads\/2019\/01\/cropped-logo-1.png\",\"width\":614,\"height\":250,\"caption\":\"Francis\"},\"image\":{\"@id\":\"https:\/\/francis.co.uk\/#\/schema\/logo\/image\/\"}}]}<\/script>\n<!-- \/ Yoast SEO plugin. -->","yoast_head_json":{"title":"Marine Security and Defence Lighting - Francis Searchlights","description":"Francis Searchlights specialise in Marine Lighting, Halogen Searchlights, Security Lighting, Xenon Search Lights, Defence Lighting, LED searchlights, led lighting, led spotlight and high power led","robots":{"index":"index","follow":"follow","max-snippet":"max-snippet:-1","max-image-preview":"max-image-preview:large","max-video-preview":"max-video-preview:-1"},"canonical":"https:\/\/francis.co.uk\/product\/suez-canal-searchlight\/","og_locale":"fr_FR","og_type":"article","og_title":"Marine Security and Defence Lighting - Francis Searchlights","og_description":"Francis Searchlights specialise in Marine Lighting, Halogen Searchlights, Security Lighting, Xenon Search Lights, Defence Lighting, LED searchlights, led lighting, led spotlight and high power led","og_url":"https:\/\/francis.co.uk\/product\/suez-canal-searchlight\/","og_site_name":"Francis","article_modified_time":"2026-03-02T14:23:56+00:00","og_image":[{"width":602,"height":650,"url":"https:\/\/francis.co.uk\/wp-content\/uploads\/2018\/12\/Suez-no-BG.jpg","type":"image\/jpeg"}],"twitter_card":"summary_large_image","twitter_misc":{"Est. reading time":"1 minute"},"schema":{"@context":"https:\/\/schema.org","@graph":[{"@type":"WebPage","@id":"https:\/\/francis.co.uk\/product\/suez-canal-searchlight\/","url":"https:\/\/francis.co.uk\/product\/suez-canal-searchlight\/","name":"Marine Security and Defence Lighting - Francis Searchlights","isPartOf":{"@id":"https:\/\/francis.co.uk\/#website"},"primaryImageOfPage":{"@id":"https:\/\/francis.co.uk\/product\/suez-canal-searchlight\/#primaryimage"},"image":{"@id":"https:\/\/francis.co.uk\/product\/suez-canal-searchlight\/#primaryimage"},"thumbnailUrl":"https:\/\/francis.co.uk\/wp-content\/uploads\/2018\/12\/Suez-no-BG.jpg","datePublished":"2018-12-11T13:02:23+00:00","dateModified":"2026-03-02T14:23:56+00:00","description":"Francis Searchlights specialise in Marine Lighting, Halogen Searchlights, Security Lighting, Xenon Search Lights, Defence Lighting, LED searchlights, led lighting, led spotlight and high power led","breadcrumb":{"@id":"https:\/\/francis.co.uk\/product\/suez-canal-searchlight\/#breadcrumb"},"inLanguage":"fr-FR","potentialAction":[{"@type":"ReadAction","target":["https:\/\/francis.co.uk\/product\/suez-canal-searchlight\/"]}]},{"@type":"ImageObject","inLanguage":"fr-FR","@id":"https:\/\/francis.co.uk\/product\/suez-canal-searchlight\/#primaryimage","url":"https:\/\/francis.co.uk\/wp-content\/uploads\/2018\/12\/Suez-no-BG.jpg","contentUrl":"https:\/\/francis.co.uk\/wp-content\/uploads\/2018\/12\/Suez-no-BG.jpg","width":602,"height":650},{"@type":"BreadcrumbList","@id":"https:\/\/francis.co.uk\/product\/suez-canal-searchlight\/#breadcrumb","itemListElement":[{"@type":"ListItem","position":1,"name":"Home","item":"https:\/\/francis.co.uk\/"},{"@type":"ListItem","position":2,"name":"Our Products","item":"https:\/\/francis.co.uk\/shop\/"},{"@type":"ListItem","position":3,"name":"Suez Canal Searchlight"}]},{"@type":"WebSite","@id":"https:\/\/francis.co.uk\/#website","url":"https:\/\/francis.co.uk\/","name":"Francis","description":"","publisher":{"@id":"https:\/\/francis.co.uk\/#organization"},"potentialAction":[{"@type":"SearchAction","target":{"@type":"EntryPoint","urlTemplate":"https:\/\/francis.co.uk\/?s={search_term_string}"},"query-input":{"@type":"PropertyValueSpecification","valueRequired":true,"valueName":"search_term_string"}}],"inLanguage":"fr-FR"},{"@type":"Organization","@id":"https:\/\/francis.co.uk\/#organization","name":"Francis","url":"https:\/\/francis.co.uk\/","logo":{"@type":"ImageObject","inLanguage":"fr-FR","@id":"https:\/\/francis.co.uk\/#\/schema\/logo\/image\/","url":"https:\/\/francis.co.uk\/wp-content\/uploads\/2019\/01\/cropped-logo-1.png","contentUrl":"https:\/\/francis.co.uk\/wp-content\/uploads\/2019\/01\/cropped-logo-1.png","width":614,"height":250,"caption":"Francis"},"image":{"@id":"https:\/\/francis.co.uk\/#\/schema\/logo\/image\/"}}]}},"_links":{"self":[{"href":"https:\/\/francis.co.uk\/fr_FR\/wp-json\/wp\/v2\/product\/1289","targetHints":{"allow":["GET"]}}],"collection":[{"href":"https:\/\/francis.co.uk\/fr_FR\/wp-json\/wp\/v2\/product"}],"about":[{"href":"https:\/\/francis.co.uk\/fr_FR\/wp-json\/wp\/v2\/types\/product"}],"replies":[{"embeddable":true,"href":"https:\/\/francis.co.uk\/fr_FR\/wp-json\/wp\/v2\/comments?post=1289"}],"wp:featuredmedia":[{"embeddable":true,"href":"https:\/\/francis.co.uk\/fr_FR\/wp-json\/wp\/v2\/media\/2002"}],"wp:attachment":[{"href":"https:\/\/francis.co.uk\/fr_FR\/wp-json\/wp\/v2\/media?parent=1289"}],"wp:term":[{"taxonomy":"product_brand","embeddable":true,"href":"https:\/\/francis.co.uk\/fr_FR\/wp-json\/wp\/v2\/product_brand?post=1289"},{"taxonomy":"product_cat","embeddable":true,"href":"https:\/\/francis.co.uk\/fr_FR\/wp-json\/wp\/v2\/product_cat?post=1289"},{"taxonomy":"product_tag","embeddable":true,"href":"https:\/\/francis.co.uk\/fr_FR\/wp-json\/wp\/v2\/product_tag?post=1289"}],"curies":[{"name":"wp","href":"https:\/\/api.w.org\/{rel}","templated":true}]}}