
{"id":1393,"date":"2018-12-12T13:34:18","date_gmt":"2018-12-12T13:34:18","guid":{"rendered":"http:\/\/testweb4you.com\/projects\/francis\/?post_type=product&#038;p=1393"},"modified":"2025-08-12T13:35:19","modified_gmt":"2025-08-12T13:35:19","slug":"voyager-range","status":"publish","type":"product","link":"https:\/\/francis.co.uk\/fr_FR\/product\/voyager-range\/","title":{"rendered":"VOYAGER RANGE"},"content":{"rendered":"<p>La<br \/>\n Gamme de Projecteurs Voyager developp\u00e9 une \u00c9t\u00e9 verser Super Yachts, bateaux de patrouille et d&#8217;Autres Navires \u00e0 Grande Vitesse design \u00e9l\u00e9gant Le profil de Permet \u00e0 l&#8217;esth\u00e9tique moderne bas verser soi \u00e9mu outre Parfaitement Dans Le profil de bateau.<br \/>\nLe design innovant, une attention aux d\u00e9tails et UNE la finition de haute Qualit\u00e9, assurer au Qu\u00e9bec le Voyager HNE le projecteur Choix Premium sur le March\u00e9. Available in halog\u00e8ne de 250W, Xenon 150-300w et aux halog\u00e9nures M\u00e9talliques (EmArc) 350w source de lumi\u00e8re options.<\/p>\n","protected":false},"excerpt":{"rendered":"<p>&#8230;<\/p>\n","protected":false},"featured_media":1394,"comment_status":"open","ping_status":"closed","template":"","meta":[],"product_brand":[],"product_cat":[36],"product_tag":[],"class_list":{"0":"post-1393","1":"product","2":"type-product","3":"status-publish","4":"has-post-thumbnail","6":"product_cat-technical-data","8":"first","9":"instock","10":"shipping-taxable","11":"product-type-simple"},"yoast_head":"<!-- This site is optimized with the Yoast SEO plugin v24.4 - https:\/\/yoast.com\/wordpress\/plugins\/seo\/ -->\n<title>Marine Security and Defence Lighting - Francis Searchlights<\/title>\n<meta name=\"description\" content=\"Francis Searchlights specialise in Marine Lighting, Halogen Searchlights, Security Lighting, Xenon Search Lights, Defence Lighting, LED searchlights, led lighting, led spotlight and high power led\" \/>\n<meta name=\"robots\" content=\"index, follow, max-snippet:-1, max-image-preview:large, max-video-preview:-1\" \/>\n<link rel=\"canonical\" href=\"https:\/\/francis.co.uk\/product\/voyager-range\/\" \/>\n<meta property=\"og:locale\" content=\"fr_FR\" \/>\n<meta property=\"og:type\" content=\"article\" \/>\n<meta property=\"og:title\" content=\"Marine Security and Defence Lighting - Francis Searchlights\" \/>\n<meta property=\"og:description\" content=\"Francis Searchlights specialise in Marine Lighting, Halogen Searchlights, Security Lighting, Xenon Search Lights, Defence Lighting, LED searchlights, led lighting, led spotlight and high power led\" \/>\n<meta property=\"og:url\" content=\"https:\/\/francis.co.uk\/product\/voyager-range\/\" \/>\n<meta property=\"og:site_name\" content=\"Francis\" \/>\n<meta property=\"article:modified_time\" content=\"2025-08-12T13:35:19+00:00\" \/>\n<meta property=\"og:image\" content=\"https:\/\/francis.co.uk\/wp-content\/uploads\/2018\/12\/Voyager2GlossWhite.png\" \/>\n\t<meta property=\"og:image:width\" content=\"138\" \/>\n\t<meta property=\"og:image:height\" content=\"120\" \/>\n\t<meta property=\"og:image:type\" content=\"image\/png\" \/>\n<meta name=\"twitter:card\" content=\"summary_large_image\" \/>\n<meta name=\"twitter:label1\" content=\"Est. reading time\" \/>\n\t<meta name=\"twitter:data1\" content=\"1 minute\" \/>\n<script type=\"application\/ld+json\" class=\"yoast-schema-graph\">{\"@context\":\"https:\/\/schema.org\",\"@graph\":[{\"@type\":\"WebPage\",\"@id\":\"https:\/\/francis.co.uk\/product\/voyager-range\/\",\"url\":\"https:\/\/francis.co.uk\/product\/voyager-range\/\",\"name\":\"Marine Security and Defence Lighting - Francis Searchlights\",\"isPartOf\":{\"@id\":\"https:\/\/francis.co.uk\/#website\"},\"primaryImageOfPage\":{\"@id\":\"https:\/\/francis.co.uk\/product\/voyager-range\/#primaryimage\"},\"image\":{\"@id\":\"https:\/\/francis.co.uk\/product\/voyager-range\/#primaryimage\"},\"thumbnailUrl\":\"https:\/\/francis.co.uk\/wp-content\/uploads\/2018\/12\/Voyager2GlossWhite.png\",\"datePublished\":\"2018-12-12T13:34:18+00:00\",\"dateModified\":\"2025-08-12T13:35:19+00:00\",\"description\":\"Francis Searchlights specialise in Marine Lighting, Halogen Searchlights, Security Lighting, Xenon Search Lights, Defence Lighting, LED searchlights, led lighting, led spotlight and high power led\",\"breadcrumb\":{\"@id\":\"https:\/\/francis.co.uk\/product\/voyager-range\/#breadcrumb\"},\"inLanguage\":\"fr-FR\",\"potentialAction\":[{\"@type\":\"ReadAction\",\"target\":[\"https:\/\/francis.co.uk\/product\/voyager-range\/\"]}]},{\"@type\":\"ImageObject\",\"inLanguage\":\"fr-FR\",\"@id\":\"https:\/\/francis.co.uk\/product\/voyager-range\/#primaryimage\",\"url\":\"https:\/\/francis.co.uk\/wp-content\/uploads\/2018\/12\/Voyager2GlossWhite.png\",\"contentUrl\":\"https:\/\/francis.co.uk\/wp-content\/uploads\/2018\/12\/Voyager2GlossWhite.png\",\"width\":138,\"height\":120},{\"@type\":\"BreadcrumbList\",\"@id\":\"https:\/\/francis.co.uk\/product\/voyager-range\/#breadcrumb\",\"itemListElement\":[{\"@type\":\"ListItem\",\"position\":1,\"name\":\"Home\",\"item\":\"https:\/\/francis.co.uk\/\"},{\"@type\":\"ListItem\",\"position\":2,\"name\":\"Our Products\",\"item\":\"https:\/\/francis.co.uk\/shop\/\"},{\"@type\":\"ListItem\",\"position\":3,\"name\":\"Voyager Range Halogen, Xenon, Em Arc & LED in Remote Control\"}]},{\"@type\":\"WebSite\",\"@id\":\"https:\/\/francis.co.uk\/#website\",\"url\":\"https:\/\/francis.co.uk\/\",\"name\":\"Francis\",\"description\":\"\",\"publisher\":{\"@id\":\"https:\/\/francis.co.uk\/#organization\"},\"potentialAction\":[{\"@type\":\"SearchAction\",\"target\":{\"@type\":\"EntryPoint\",\"urlTemplate\":\"https:\/\/francis.co.uk\/?s={search_term_string}\"},\"query-input\":{\"@type\":\"PropertyValueSpecification\",\"valueRequired\":true,\"valueName\":\"search_term_string\"}}],\"inLanguage\":\"fr-FR\"},{\"@type\":\"Organization\",\"@id\":\"https:\/\/francis.co.uk\/#organization\",\"name\":\"Francis\",\"url\":\"https:\/\/francis.co.uk\/\",\"logo\":{\"@type\":\"ImageObject\",\"inLanguage\":\"fr-FR\",\"@id\":\"https:\/\/francis.co.uk\/#\/schema\/logo\/image\/\",\"url\":\"https:\/\/francis.co.uk\/wp-content\/uploads\/2019\/01\/cropped-logo-1.png\",\"contentUrl\":\"https:\/\/francis.co.uk\/wp-content\/uploads\/2019\/01\/cropped-logo-1.png\",\"width\":614,\"height\":250,\"caption\":\"Francis\"},\"image\":{\"@id\":\"https:\/\/francis.co.uk\/#\/schema\/logo\/image\/\"}}]}<\/script>\n<!-- \/ Yoast SEO plugin. -->","yoast_head_json":{"title":"Marine Security and Defence Lighting - Francis Searchlights","description":"Francis Searchlights specialise in Marine Lighting, Halogen Searchlights, Security Lighting, Xenon Search Lights, Defence Lighting, LED searchlights, led lighting, led spotlight and high power led","robots":{"index":"index","follow":"follow","max-snippet":"max-snippet:-1","max-image-preview":"max-image-preview:large","max-video-preview":"max-video-preview:-1"},"canonical":"https:\/\/francis.co.uk\/product\/voyager-range\/","og_locale":"fr_FR","og_type":"article","og_title":"Marine Security and Defence Lighting - Francis Searchlights","og_description":"Francis Searchlights specialise in Marine Lighting, Halogen Searchlights, Security Lighting, Xenon Search Lights, Defence Lighting, LED searchlights, led lighting, led spotlight and high power led","og_url":"https:\/\/francis.co.uk\/product\/voyager-range\/","og_site_name":"Francis","article_modified_time":"2025-08-12T13:35:19+00:00","og_image":[{"width":138,"height":120,"url":"https:\/\/francis.co.uk\/wp-content\/uploads\/2018\/12\/Voyager2GlossWhite.png","type":"image\/png"}],"twitter_card":"summary_large_image","twitter_misc":{"Est. reading time":"1 minute"},"schema":{"@context":"https:\/\/schema.org","@graph":[{"@type":"WebPage","@id":"https:\/\/francis.co.uk\/product\/voyager-range\/","url":"https:\/\/francis.co.uk\/product\/voyager-range\/","name":"Marine Security and Defence Lighting - Francis Searchlights","isPartOf":{"@id":"https:\/\/francis.co.uk\/#website"},"primaryImageOfPage":{"@id":"https:\/\/francis.co.uk\/product\/voyager-range\/#primaryimage"},"image":{"@id":"https:\/\/francis.co.uk\/product\/voyager-range\/#primaryimage"},"thumbnailUrl":"https:\/\/francis.co.uk\/wp-content\/uploads\/2018\/12\/Voyager2GlossWhite.png","datePublished":"2018-12-12T13:34:18+00:00","dateModified":"2025-08-12T13:35:19+00:00","description":"Francis Searchlights specialise in Marine Lighting, Halogen Searchlights, Security Lighting, Xenon Search Lights, Defence Lighting, LED searchlights, led lighting, led spotlight and high power led","breadcrumb":{"@id":"https:\/\/francis.co.uk\/product\/voyager-range\/#breadcrumb"},"inLanguage":"fr-FR","potentialAction":[{"@type":"ReadAction","target":["https:\/\/francis.co.uk\/product\/voyager-range\/"]}]},{"@type":"ImageObject","inLanguage":"fr-FR","@id":"https:\/\/francis.co.uk\/product\/voyager-range\/#primaryimage","url":"https:\/\/francis.co.uk\/wp-content\/uploads\/2018\/12\/Voyager2GlossWhite.png","contentUrl":"https:\/\/francis.co.uk\/wp-content\/uploads\/2018\/12\/Voyager2GlossWhite.png","width":138,"height":120},{"@type":"BreadcrumbList","@id":"https:\/\/francis.co.uk\/product\/voyager-range\/#breadcrumb","itemListElement":[{"@type":"ListItem","position":1,"name":"Home","item":"https:\/\/francis.co.uk\/"},{"@type":"ListItem","position":2,"name":"Our Products","item":"https:\/\/francis.co.uk\/shop\/"},{"@type":"ListItem","position":3,"name":"Voyager Range Halogen, Xenon, Em Arc & LED in Remote Control"}]},{"@type":"WebSite","@id":"https:\/\/francis.co.uk\/#website","url":"https:\/\/francis.co.uk\/","name":"Francis","description":"","publisher":{"@id":"https:\/\/francis.co.uk\/#organization"},"potentialAction":[{"@type":"SearchAction","target":{"@type":"EntryPoint","urlTemplate":"https:\/\/francis.co.uk\/?s={search_term_string}"},"query-input":{"@type":"PropertyValueSpecification","valueRequired":true,"valueName":"search_term_string"}}],"inLanguage":"fr-FR"},{"@type":"Organization","@id":"https:\/\/francis.co.uk\/#organization","name":"Francis","url":"https:\/\/francis.co.uk\/","logo":{"@type":"ImageObject","inLanguage":"fr-FR","@id":"https:\/\/francis.co.uk\/#\/schema\/logo\/image\/","url":"https:\/\/francis.co.uk\/wp-content\/uploads\/2019\/01\/cropped-logo-1.png","contentUrl":"https:\/\/francis.co.uk\/wp-content\/uploads\/2019\/01\/cropped-logo-1.png","width":614,"height":250,"caption":"Francis"},"image":{"@id":"https:\/\/francis.co.uk\/#\/schema\/logo\/image\/"}}]}},"_links":{"self":[{"href":"https:\/\/francis.co.uk\/fr_FR\/wp-json\/wp\/v2\/product\/1393","targetHints":{"allow":["GET"]}}],"collection":[{"href":"https:\/\/francis.co.uk\/fr_FR\/wp-json\/wp\/v2\/product"}],"about":[{"href":"https:\/\/francis.co.uk\/fr_FR\/wp-json\/wp\/v2\/types\/product"}],"replies":[{"embeddable":true,"href":"https:\/\/francis.co.uk\/fr_FR\/wp-json\/wp\/v2\/comments?post=1393"}],"wp:featuredmedia":[{"embeddable":true,"href":"https:\/\/francis.co.uk\/fr_FR\/wp-json\/wp\/v2\/media\/1394"}],"wp:attachment":[{"href":"https:\/\/francis.co.uk\/fr_FR\/wp-json\/wp\/v2\/media?parent=1393"}],"wp:term":[{"taxonomy":"product_brand","embeddable":true,"href":"https:\/\/francis.co.uk\/fr_FR\/wp-json\/wp\/v2\/product_brand?post=1393"},{"taxonomy":"product_cat","embeddable":true,"href":"https:\/\/francis.co.uk\/fr_FR\/wp-json\/wp\/v2\/product_cat?post=1393"},{"taxonomy":"product_tag","embeddable":true,"href":"https:\/\/francis.co.uk\/fr_FR\/wp-json\/wp\/v2\/product_tag?post=1393"}],"curies":[{"name":"wp","href":"https:\/\/api.w.org\/{rel}","templated":true}]}}