
{"id":854,"date":"2018-11-21T09:07:15","date_gmt":"2018-11-21T09:07:15","guid":{"rendered":"http:\/\/testweb4you.com\/projects\/francis\/?post_type=product&#038;p=854"},"modified":"2025-08-12T12:25:35","modified_gmt":"2025-08-12T12:25:35","slug":"lite-range","status":"publish","type":"product","link":"https:\/\/francis.co.uk\/fr_FR\/product\/lite-range\/","title":{"rendered":"Gamme Lite"},"content":{"rendered":"<p>Fait<br \/>\n en acier inoxydable, ces projecteurs de qualit\u00e9 robustes sont disponibles dans la gamme de tailles de diam\u00e8tre de 230 mm (9 po) \u00e0 560mm (22 &#8220;). Lampes option avec source halog\u00e8ne de 100w \u00e0 3kw dans les deux hautes et basses tensions, de contr\u00f4le \u00e0 distance, contr\u00f4le de la cabine et le pont mont\u00e9 options sont offertes.<\/p>\n","protected":false},"excerpt":{"rendered":"<p>&#8230;<\/p>\n","protected":false},"featured_media":1014,"comment_status":"open","ping_status":"closed","template":"","meta":[],"product_brand":[],"product_cat":[31,36],"product_tag":[],"class_list":{"0":"post-854","1":"product","2":"type-product","3":"status-publish","4":"has-post-thumbnail","6":"product_cat-marine","7":"product_cat-technical-data","9":"first","10":"instock","11":"shipping-taxable","12":"product-type-simple"},"yoast_head":"<!-- This site is optimized with the Yoast SEO plugin v24.4 - https:\/\/yoast.com\/wordpress\/plugins\/seo\/ -->\n<title>Marine Security and Defence Lighting - Francis Searchlights<\/title>\n<meta name=\"description\" content=\"Francis Searchlights specialise in Marine Lighting, Halogen Searchlights, Security Lighting, Xenon Search Lights, Defence Lighting, LED searchlights, led lighting, led spotlight and high power led\" \/>\n<meta name=\"robots\" content=\"index, follow, max-snippet:-1, max-image-preview:large, max-video-preview:-1\" \/>\n<link rel=\"canonical\" href=\"https:\/\/francis.co.uk\/product\/lite-range\/\" \/>\n<meta property=\"og:locale\" content=\"fr_FR\" \/>\n<meta property=\"og:type\" content=\"article\" \/>\n<meta property=\"og:title\" content=\"Marine Security and Defence Lighting - Francis Searchlights\" \/>\n<meta property=\"og:description\" content=\"Francis Searchlights specialise in Marine Lighting, Halogen Searchlights, Security Lighting, Xenon Search Lights, Defence Lighting, LED searchlights, led lighting, led spotlight and high power led\" \/>\n<meta property=\"og:url\" content=\"https:\/\/francis.co.uk\/product\/lite-range\/\" \/>\n<meta property=\"og:site_name\" content=\"Francis\" \/>\n<meta property=\"article:modified_time\" content=\"2025-08-12T12:25:35+00:00\" \/>\n<meta property=\"og:image\" content=\"https:\/\/francis.co.uk\/wp-content\/uploads\/2018\/11\/lite-range.png\" \/>\n\t<meta property=\"og:image:width\" content=\"200\" \/>\n\t<meta property=\"og:image:height\" content=\"269\" \/>\n\t<meta property=\"og:image:type\" content=\"image\/png\" \/>\n<meta name=\"twitter:card\" content=\"summary_large_image\" \/>\n<meta name=\"twitter:label1\" content=\"Est. reading time\" \/>\n\t<meta name=\"twitter:data1\" content=\"1 minute\" \/>\n<script type=\"application\/ld+json\" class=\"yoast-schema-graph\">{\"@context\":\"https:\/\/schema.org\",\"@graph\":[{\"@type\":\"WebPage\",\"@id\":\"https:\/\/francis.co.uk\/product\/lite-range\/\",\"url\":\"https:\/\/francis.co.uk\/product\/lite-range\/\",\"name\":\"Marine Security and Defence Lighting - Francis Searchlights\",\"isPartOf\":{\"@id\":\"https:\/\/francis.co.uk\/#website\"},\"primaryImageOfPage\":{\"@id\":\"https:\/\/francis.co.uk\/product\/lite-range\/#primaryimage\"},\"image\":{\"@id\":\"https:\/\/francis.co.uk\/product\/lite-range\/#primaryimage\"},\"thumbnailUrl\":\"https:\/\/francis.co.uk\/wp-content\/uploads\/2018\/11\/lite-range.png\",\"datePublished\":\"2018-11-21T09:07:15+00:00\",\"dateModified\":\"2025-08-12T12:25:35+00:00\",\"description\":\"Francis Searchlights specialise in Marine Lighting, Halogen Searchlights, Security Lighting, Xenon Search Lights, Defence Lighting, LED searchlights, led lighting, led spotlight and high power led\",\"breadcrumb\":{\"@id\":\"https:\/\/francis.co.uk\/product\/lite-range\/#breadcrumb\"},\"inLanguage\":\"fr-FR\",\"potentialAction\":[{\"@type\":\"ReadAction\",\"target\":[\"https:\/\/francis.co.uk\/product\/lite-range\/\"]}]},{\"@type\":\"ImageObject\",\"inLanguage\":\"fr-FR\",\"@id\":\"https:\/\/francis.co.uk\/product\/lite-range\/#primaryimage\",\"url\":\"https:\/\/francis.co.uk\/wp-content\/uploads\/2018\/11\/lite-range.png\",\"contentUrl\":\"https:\/\/francis.co.uk\/wp-content\/uploads\/2018\/11\/lite-range.png\",\"width\":200,\"height\":269},{\"@type\":\"BreadcrumbList\",\"@id\":\"https:\/\/francis.co.uk\/product\/lite-range\/#breadcrumb\",\"itemListElement\":[{\"@type\":\"ListItem\",\"position\":1,\"name\":\"Home\",\"item\":\"https:\/\/francis.co.uk\/\"},{\"@type\":\"ListItem\",\"position\":2,\"name\":\"Our Products\",\"item\":\"https:\/\/francis.co.uk\/shop\/\"},{\"@type\":\"ListItem\",\"position\":3,\"name\":\"Halogen Lite Range in Manual & Remote Control\"}]},{\"@type\":\"WebSite\",\"@id\":\"https:\/\/francis.co.uk\/#website\",\"url\":\"https:\/\/francis.co.uk\/\",\"name\":\"Francis\",\"description\":\"\",\"publisher\":{\"@id\":\"https:\/\/francis.co.uk\/#organization\"},\"potentialAction\":[{\"@type\":\"SearchAction\",\"target\":{\"@type\":\"EntryPoint\",\"urlTemplate\":\"https:\/\/francis.co.uk\/?s={search_term_string}\"},\"query-input\":{\"@type\":\"PropertyValueSpecification\",\"valueRequired\":true,\"valueName\":\"search_term_string\"}}],\"inLanguage\":\"fr-FR\"},{\"@type\":\"Organization\",\"@id\":\"https:\/\/francis.co.uk\/#organization\",\"name\":\"Francis\",\"url\":\"https:\/\/francis.co.uk\/\",\"logo\":{\"@type\":\"ImageObject\",\"inLanguage\":\"fr-FR\",\"@id\":\"https:\/\/francis.co.uk\/#\/schema\/logo\/image\/\",\"url\":\"https:\/\/francis.co.uk\/wp-content\/uploads\/2019\/01\/cropped-logo-1.png\",\"contentUrl\":\"https:\/\/francis.co.uk\/wp-content\/uploads\/2019\/01\/cropped-logo-1.png\",\"width\":614,\"height\":250,\"caption\":\"Francis\"},\"image\":{\"@id\":\"https:\/\/francis.co.uk\/#\/schema\/logo\/image\/\"}}]}<\/script>\n<!-- \/ Yoast SEO plugin. -->","yoast_head_json":{"title":"Marine Security and Defence Lighting - Francis Searchlights","description":"Francis Searchlights specialise in Marine Lighting, Halogen Searchlights, Security Lighting, Xenon Search Lights, Defence Lighting, LED searchlights, led lighting, led spotlight and high power led","robots":{"index":"index","follow":"follow","max-snippet":"max-snippet:-1","max-image-preview":"max-image-preview:large","max-video-preview":"max-video-preview:-1"},"canonical":"https:\/\/francis.co.uk\/product\/lite-range\/","og_locale":"fr_FR","og_type":"article","og_title":"Marine Security and Defence Lighting - Francis Searchlights","og_description":"Francis Searchlights specialise in Marine Lighting, Halogen Searchlights, Security Lighting, Xenon Search Lights, Defence Lighting, LED searchlights, led lighting, led spotlight and high power led","og_url":"https:\/\/francis.co.uk\/product\/lite-range\/","og_site_name":"Francis","article_modified_time":"2025-08-12T12:25:35+00:00","og_image":[{"width":200,"height":269,"url":"https:\/\/francis.co.uk\/wp-content\/uploads\/2018\/11\/lite-range.png","type":"image\/png"}],"twitter_card":"summary_large_image","twitter_misc":{"Est. reading time":"1 minute"},"schema":{"@context":"https:\/\/schema.org","@graph":[{"@type":"WebPage","@id":"https:\/\/francis.co.uk\/product\/lite-range\/","url":"https:\/\/francis.co.uk\/product\/lite-range\/","name":"Marine Security and Defence Lighting - Francis Searchlights","isPartOf":{"@id":"https:\/\/francis.co.uk\/#website"},"primaryImageOfPage":{"@id":"https:\/\/francis.co.uk\/product\/lite-range\/#primaryimage"},"image":{"@id":"https:\/\/francis.co.uk\/product\/lite-range\/#primaryimage"},"thumbnailUrl":"https:\/\/francis.co.uk\/wp-content\/uploads\/2018\/11\/lite-range.png","datePublished":"2018-11-21T09:07:15+00:00","dateModified":"2025-08-12T12:25:35+00:00","description":"Francis Searchlights specialise in Marine Lighting, Halogen Searchlights, Security Lighting, Xenon Search Lights, Defence Lighting, LED searchlights, led lighting, led spotlight and high power led","breadcrumb":{"@id":"https:\/\/francis.co.uk\/product\/lite-range\/#breadcrumb"},"inLanguage":"fr-FR","potentialAction":[{"@type":"ReadAction","target":["https:\/\/francis.co.uk\/product\/lite-range\/"]}]},{"@type":"ImageObject","inLanguage":"fr-FR","@id":"https:\/\/francis.co.uk\/product\/lite-range\/#primaryimage","url":"https:\/\/francis.co.uk\/wp-content\/uploads\/2018\/11\/lite-range.png","contentUrl":"https:\/\/francis.co.uk\/wp-content\/uploads\/2018\/11\/lite-range.png","width":200,"height":269},{"@type":"BreadcrumbList","@id":"https:\/\/francis.co.uk\/product\/lite-range\/#breadcrumb","itemListElement":[{"@type":"ListItem","position":1,"name":"Home","item":"https:\/\/francis.co.uk\/"},{"@type":"ListItem","position":2,"name":"Our Products","item":"https:\/\/francis.co.uk\/shop\/"},{"@type":"ListItem","position":3,"name":"Halogen Lite Range in Manual & Remote Control"}]},{"@type":"WebSite","@id":"https:\/\/francis.co.uk\/#website","url":"https:\/\/francis.co.uk\/","name":"Francis","description":"","publisher":{"@id":"https:\/\/francis.co.uk\/#organization"},"potentialAction":[{"@type":"SearchAction","target":{"@type":"EntryPoint","urlTemplate":"https:\/\/francis.co.uk\/?s={search_term_string}"},"query-input":{"@type":"PropertyValueSpecification","valueRequired":true,"valueName":"search_term_string"}}],"inLanguage":"fr-FR"},{"@type":"Organization","@id":"https:\/\/francis.co.uk\/#organization","name":"Francis","url":"https:\/\/francis.co.uk\/","logo":{"@type":"ImageObject","inLanguage":"fr-FR","@id":"https:\/\/francis.co.uk\/#\/schema\/logo\/image\/","url":"https:\/\/francis.co.uk\/wp-content\/uploads\/2019\/01\/cropped-logo-1.png","contentUrl":"https:\/\/francis.co.uk\/wp-content\/uploads\/2019\/01\/cropped-logo-1.png","width":614,"height":250,"caption":"Francis"},"image":{"@id":"https:\/\/francis.co.uk\/#\/schema\/logo\/image\/"}}]}},"_links":{"self":[{"href":"https:\/\/francis.co.uk\/fr_FR\/wp-json\/wp\/v2\/product\/854","targetHints":{"allow":["GET"]}}],"collection":[{"href":"https:\/\/francis.co.uk\/fr_FR\/wp-json\/wp\/v2\/product"}],"about":[{"href":"https:\/\/francis.co.uk\/fr_FR\/wp-json\/wp\/v2\/types\/product"}],"replies":[{"embeddable":true,"href":"https:\/\/francis.co.uk\/fr_FR\/wp-json\/wp\/v2\/comments?post=854"}],"wp:featuredmedia":[{"embeddable":true,"href":"https:\/\/francis.co.uk\/fr_FR\/wp-json\/wp\/v2\/media\/1014"}],"wp:attachment":[{"href":"https:\/\/francis.co.uk\/fr_FR\/wp-json\/wp\/v2\/media?parent=854"}],"wp:term":[{"taxonomy":"product_brand","embeddable":true,"href":"https:\/\/francis.co.uk\/fr_FR\/wp-json\/wp\/v2\/product_brand?post=854"},{"taxonomy":"product_cat","embeddable":true,"href":"https:\/\/francis.co.uk\/fr_FR\/wp-json\/wp\/v2\/product_cat?post=854"},{"taxonomy":"product_tag","embeddable":true,"href":"https:\/\/francis.co.uk\/fr_FR\/wp-json\/wp\/v2\/product_tag?post=854"}],"curies":[{"name":"wp","href":"https:\/\/api.w.org\/{rel}","templated":true}]}}