
{"id":150,"date":"2018-10-31T20:51:52","date_gmt":"2018-10-31T20:51:52","guid":{"rendered":"http:\/\/127.0.0.1\/francis\/?page_id=150"},"modified":"2025-08-13T11:54:33","modified_gmt":"2025-08-13T11:54:33","slug":"about-us","status":"publish","type":"page","link":"https:\/\/francis.co.uk\/it_IT\/about-us\/","title":{"rendered":"CHI SIAMO"},"content":{"rendered":"<div class=\"wpb-content-wrapper\"><p>[vc_row<br \/>\n equal_height=&#8221;yes&#8221; content_placement=&#8221;middle&#8221; css=&#8221;.vc_custom_1541020033002{margin-bottom: 40px !important;}&#8221;][vc_column width=&#8221;7\/12&#8243;][vc_custom_heading text=&#8221;LA NOSTRA STORIA&#8221; font_container=&#8221;tag:h2|font_size:32px|text_align:left|color:%23243046&#8243; use_theme_fonts=&#8221;yes&#8221; css_animation=&#8221;fadeInLeft&#8221; css=&#8221;.vc_custom_1542267119589{margin-top: 0px !important;padding-top: 0px !important;}&#8221; el_class=&#8221;bold&#8221;][vc_custom_heading text=&#8221;Benvenuto in Francis Searchlights Limited.&#8221; font_container=&#8221;tag:h6|font_size:18px|text_align:left|color:%23eb8a2c&#8221; use_theme_fonts=&#8221;yes&#8221; css_animation=&#8221;fadeInLeft&#8221; css=&#8221;.vc_custom_1542267132905{margin-top: 0px !important;padding-top: 0px !important;}&#8221;][vc_column_text css_animation=&#8221;fadeInLeft&#8221; css=&#8221;.vc_custom_1548962913605{margin-bottom: 0px !important;padding-bottom: 0px !important;}&#8221;]<strong>Francis Searchlights limitati hanno progettato e prodotto innovativo, di alta qualit\u00e0 e prodotti per l&#8217;illuminazione della concorrenza dal 1901. La Societ\u00e0 ha raggiunto una reputazione internazionale di altissimo livello.<\/strong><\/p>\n<p>Dal appositamente costruito 18.000 mq all&#8217;interno di stabilimenti ft a Bolton, Regno Unito, i prodotti innovativi sono sviluppati e fabbricati, e includono: fari marini, illuminazione del veicolo, sicurezza e unit\u00e0 architettoniche.<\/p>\n<p>Francis Searchlights Limited fa parte della Valle Fort gruppo di societ\u00e0, una societ\u00e0 dinamica e orientata al mercato con le posizioni strategiche in tutto il mondo. Il gruppo \u00e8 presieduto dal Presidente, il signor Ted Fort OBE, egli stesso un design accreditato e professionale di business con l&#8217;innovazione, estro e di unit\u00e0.[\/vc_column_text][\/vc_column][vc_column width=&#8221;5\/12&#8243;]<br \/>\n[vc_row<br \/>\n_inner css=&#8221;.vc_custom_1541020520136{margin-bottom: 20px !important;}&#8221;][vc_column_inner width=&#8221;1\/2&#8243;][vc_single_image image=&#8221;127&#8243; img_size=&#8221;full&#8221; alignment=&#8221;center&#8221; onclick=&#8221;custom_link&#8221; img_link_target=&#8221;_blank&#8221; css_animation=&#8221;fadeInRight&#8221; css=&#8221;.vc_custom_1543395765904{margin-top: 0px !important;margin-bottom: 0px !important;padding-top: 0px !important;padding-bottom: 0px !important;}&#8221; link=&#8221;http:\/\/testweb4you.com\/projects\/francis\/wp-content\/uploads\/2018\/11\/BSI-CERT.pdf&#8221;][\/vc_column_inner][vc_column_inner width=&#8221;1\/2&#8243;][vc_single_image image=&#8221;126&#8243; img_size=&#8221;full&#8221; alignment=&#8221;center&#8221; onclick=&#8221;custom_link&#8221; img_link_target=&#8221;_blank&#8221; css_animation=&#8221;fadeInRight&#8221; css=&#8221;.vc_custom_1543395783914{margin-top: 0px !important;margin-bottom: 0px !important;padding-top: 0px !important;padding-bottom: 0px !important;}&#8221; link=&#8221;http:\/\/testweb4you.com\/projects\/francis\/wp-content\/uploads\/2018\/11\/MED-Cert.pdf&#8221;][\/vc_column_inner][\/vc_row_inner][vc_single_image image=&#8221;1644&#8243; img_size=&#8221;full&#8221; alignment=&#8221;right&#8221; css_animation=&#8221;fadeInRight&#8221; css=&#8221;.vc_custom_1547055295328{margin-top: 0px !important;margin-bottom: 0px !important;padding-top: 0px !important;padding-bottom: 0px !important;}&#8221;][\/vc_column][\/vc_row]<br \/>\n[vc_row<br \/>\n equal_height=&#8221;yes&#8221; content_placement=&#8221;middle&#8221; css=&#8221;.vc_custom_1541020038382{margin-bottom: 40px !important;}&#8221;][vc_column width=&#8221;5\/12&#8243;][vc_single_image image=&#8221;1604&#8243; img_size=&#8221;full&#8221; css_animation=&#8221;fadeInLeft&#8221; css=&#8221;.vc_custom_1547051607607{margin-top: 0px !important;margin-bottom: 0px !important;padding-top: 0px !important;padding-bottom: 0px !important;}&#8221;][\/vc_column][vc_column width=&#8221;7\/12&#8243;][vc_custom_heading text=&#8221;QUALIT\u00c0 E APPROVAZIONI&#8221; font_container=&#8221;tag:h2|font_size:32px|text_align:right|color:%23243046&#8243; use_theme_fonts=&#8221;yes&#8221; css_animation=&#8221;fadeInRight&#8221; css=&#8221;.vc_custom_1542267209493{margin-top: 0px !important;padding-top: 0px !important;}&#8221; el_class=&#8221;bold&#8221;][vc_column_text css_animation=&#8221;fadeInRight&#8221; css=&#8221;.vc_custom_1542267267428{margin-bottom: 0px !important;padding-bottom: 0px !important;}&#8221;]<\/p>\n<p style=\"text-align: right;\"><strong>I clienti variano su un ampio spettro, dalle marine commerciali, navali, dell&#8217;esercito, della sicurezza e delle carceri, fino ai concetti e ai progetti di illuminazione architettonica.<\/strong><\/p>\n<p style=\"text-align: right;\">La societ\u00e0 ha ottenuto l&#8217;approvazione ISO9001, con ulteriori approvazioni per Ministero della Difesa e costruttori navali in tutto il mondo. I prodotti Searchlight sono disponibili a magazzino in configurazioni che coprono il controllo remoto, il controllo della cabina e la piattaforma manuale montata, offrendo una flessibilit\u00e0 totale.<\/p>\n<p>[\/vc_column_text][\/vc_column][\/vc_row]<br \/>\n[vc_row<br \/>\n equal_height=&#8221;yes&#8221; content_placement=&#8221;middle&#8221; css=&#8221;.vc_custom_1541020044682{margin-bottom: 40px !important;}&#8221;][vc_column width=&#8221;7\/12&#8243;][vc_custom_heading text=&#8221;INFORMAZIONI TECNICHE&#8221; font_container=&#8221;tag:h2|font_size:32px|text_align:left|color:%23243046&#8243; use_theme_fonts=&#8221;yes&#8221; css_animation=&#8221;fadeInLeft&#8221; css=&#8221;.vc_custom_1542267283721{margin-top: 0px !important;padding-top: 0px !important;}&#8221; el_class=&#8221;bold&#8221;][vc_column_text css_animation=&#8221;fadeInLeft&#8221; css=&#8221;.vc_custom_1542267324580{margin-bottom: 0px !important;padding-bottom: 0px !important;}&#8221;]<strong>Una variet\u00e0 di sorgenti luminose sono disponibili come standard, a partire da alogene al tungsteno, con opzioni di efficienza aggiuntiva di alogenuri metallici e passano alla gamma di arco xenon ad alta potenza.<\/strong><\/p>\n<p>L&#8217;azienda \u00e8 in grado di reagire rapidamente e con competenza a tutti i nuovi requisiti di progettazione, consentendo di progettare, fabbricare e consegnare il prodotto in tempo e al giusto prezzo.[\/vc_column_text][\/vc_column][vc_column width=&#8221;5\/12&#8243;][vc_single_image image=&#8221;154&#8243; img_size=&#8221;full&#8221; alignment=&#8221;right&#8221; css_animation=&#8221;fadeInRight&#8221; css=&#8221;.vc_custom_1547053606399{margin-top: 0px !important;margin-bottom: 0px !important;padding-top: 0px !important;padding-bottom: 0px !important;}&#8221;][\/vc_column][\/vc_row]<br \/>\n[vc_row<br \/>\n equal_height=&#8221;yes&#8221; content_placement=&#8221;middle&#8221; css=&#8221;.vc_custom_1541024078205{margin-bottom: 40px !important;}&#8221;][vc_column width=&#8221;5\/12&#8243;][vc_single_image image=&#8221;155&#8243; img_size=&#8221;full&#8221; css_animation=&#8221;fadeInLeft&#8221; css=&#8221;.vc_custom_1541024371066{margin-top: 0px !important;margin-bottom: 0px !important;padding-top: 0px !important;padding-bottom: 0px !important;}&#8221;][\/vc_column][vc_column width=&#8221;7\/12&#8243;][vc_custom_heading text=&#8221;CLIENTI \/ DISTRIBUZIONE&#8221; font_container=&#8221;tag:h2|font_size:32px|text_align:right|color:%23243046&#8243; use_theme_fonts=&#8221;yes&#8221; css_animation=&#8221;fadeInRight&#8221; css=&#8221;.vc_custom_1542267337365{margin-top: 0px !important;padding-top: 0px !important;}&#8221; el_class=&#8221;bold&#8221;][vc_column_text css_animation=&#8221;fadeInRight&#8221; css=&#8221;.vc_custom_1542267347797{margin-bottom: 0px !important;padding-bottom: 0px !important;}&#8221;]<\/p>\n<p style=\"text-align: right;\">Per garantire l&#8217;esperienza del mercato locale e alti livelli di servizio al cliente, l&#8217;azienda dispone di una rete di distribuzione mondiale in posizione strategica. Per informazioni, invia un&#8217;email a <a> sales@francis.co.uk <\/a> e richiedi i dettagli per il tuo Paese.<\/p>\n<p>[\/vc_column_text][\/vc_column][\/vc_row]<br \/>\n[vc_row<br \/>\n full_width=&#8221;stretch_row&#8221; equal_height=&#8221;yes&#8221; css=&#8221;.vc_custom_1548872599283{margin-bottom: 40px !important;background-image: url(http:\/\/testweb4you.com\/projects\/francis\/wp-content\/uploads\/2019\/01\/img003.jpg?id=1900) !important;background-position: 0 0 !important;background-repeat: no-repeat !important;}&#8221; el_id=&#8221;testimonial&#8221; el_class=&#8221;right_bg_image&#8221;][vc_column width=&#8221;1\/2&#8243; css=&#8221;.vc_custom_1540875397155{padding-right: 30px !important;}&#8221;][vc_empty_space height=&#8221;20px&#8221;][vc_custom_heading text=&#8221;Dichiarazione&#8221; font_container=&#8221;tag:h2|font_size:32px|text_align:left|color:%23243046&#8243; use_theme_fonts=&#8221;yes&#8221; css_animation=&#8221;slideInLeft&#8221; css=&#8221;.vc_custom_1547916506582{margin-top: 0px !important;margin-bottom: 20px !important;padding-top: 0px !important;}&#8221; el_class=&#8221;bold&#8221;][vc_column_text css_animation=&#8221;slideInLeft&#8221; css=&#8221;.vc_custom_1547916525047{margin-bottom: 0px !important;padding-bottom: 0px !important;}&#8221; el_class=&#8221;myquote&#8221;]<\/p>\n<blockquote><p>Francis Searchlights \u00e8 focalizzata sul cliente ed \u00e8 dedicato a fornire i migliori prodotti di illuminazione disponibile. Investire nelle pi\u00f9 recenti tecniche di progettazione e metodi di produzione, l&#8217;azienda si \u00e8 impegnata a mantenere la sua posizione di leader del mercato globale.<\/p><\/blockquote>\n<p>[\/vc_column_text][\/vc_column][vc_column width=&#8221;1\/2&#8243; css=&#8221;.vc_custom_1540875402354{padding-left: 30px !important;}&#8221;][\/vc_column][\/vc_row]<br \/>\n[vc_row<br \/>\n disable_element=&#8221;yes&#8221;][vc_column][vc_custom_heading text=&#8221;GALLERIA&#8221; font_container=&#8221;tag:h2|font_size:32px|text_align:center|color:%23243046&#8243; use_theme_fonts=&#8221;yes&#8221; css_animation=&#8221;slideInUp&#8221; css=&#8221;.vc_custom_1542267379109{margin-top: 0px !important;margin-bottom: 20px !important;padding-top: 0px !important;}&#8221; el_class=&#8221;bold&#8221;][vc_column_text css_animation=&#8221;fadeInUp&#8221;]\r\n\t\t<div class=\"aigpl-gallery aigpl-gallery-wrp aigpl-gallery-grid aigpl-clearfix aigpl-design-1 aigpl-popup-gallery \" id=\"aigpl-gallery-1\">\r\n\r\n\t\t\r\n<div class=\"aigpl-cnt-wrp aigpl-col-3 aigpl-columns aigpl-first\" data-item-index=\"1\">\r\n\t<div class=\"aigpl-inr-wrp\">\r\n\t\t<div class=\"aigpl-img-wrp\" style=\"\">\r\n\r\n\t\t\t\t\t\t\t\t<a class=\"aigpl-img-link\" data-mfp-src=\"https:\/\/francis.co.uk\/wp-content\/uploads\/2018\/10\/g1.jpg\" href=\"javascript:void(0);\" target=\"_self\">\r\n\t\t\t\t\t\t<img decoding=\"async\" class=\"aigpl-img\"  src=\"https:\/\/francis.co.uk\/wp-content\/uploads\/2018\/10\/g1.jpg\" alt=\"\" \/>\r\n\t\t\t\t\t<\/a>\r\n\t\t\t\t\t\t<\/div>\r\n\r\n\t\t\t<\/div>\r\n<\/div>\r\n<div class=\"aigpl-cnt-wrp aigpl-col-3 aigpl-columns\" data-item-index=\"2\">\r\n\t<div class=\"aigpl-inr-wrp\">\r\n\t\t<div class=\"aigpl-img-wrp\" style=\"\">\r\n\r\n\t\t\t\t\t\t\t\t<a class=\"aigpl-img-link\" data-mfp-src=\"https:\/\/francis.co.uk\/wp-content\/uploads\/2018\/10\/g6.jpg\" href=\"javascript:void(0);\" target=\"_self\">\r\n\t\t\t\t\t\t<img decoding=\"async\" class=\"aigpl-img\"  src=\"https:\/\/francis.co.uk\/wp-content\/uploads\/2018\/10\/g6.jpg\" alt=\"\" \/>\r\n\t\t\t\t\t<\/a>\r\n\t\t\t\t\t\t<\/div>\r\n\r\n\t\t\t<\/div>\r\n<\/div>\r\n<div class=\"aigpl-cnt-wrp aigpl-col-3 aigpl-columns\" data-item-index=\"3\">\r\n\t<div class=\"aigpl-inr-wrp\">\r\n\t\t<div class=\"aigpl-img-wrp\" style=\"\">\r\n\r\n\t\t\t\t\t\t\t\t<a class=\"aigpl-img-link\" data-mfp-src=\"https:\/\/francis.co.uk\/wp-content\/uploads\/2018\/10\/g5.jpg\" href=\"javascript:void(0);\" target=\"_self\">\r\n\t\t\t\t\t\t<img decoding=\"async\" class=\"aigpl-img\"  src=\"https:\/\/francis.co.uk\/wp-content\/uploads\/2018\/10\/g5.jpg\" alt=\"\" \/>\r\n\t\t\t\t\t<\/a>\r\n\t\t\t\t\t\t<\/div>\r\n\r\n\t\t\t<\/div>\r\n<\/div>\r\n<div class=\"aigpl-cnt-wrp aigpl-col-3 aigpl-columns aigpl-first\" data-item-index=\"4\">\r\n\t<div class=\"aigpl-inr-wrp\">\r\n\t\t<div class=\"aigpl-img-wrp\" style=\"\">\r\n\r\n\t\t\t\t\t\t\t\t<a class=\"aigpl-img-link\" data-mfp-src=\"https:\/\/francis.co.uk\/wp-content\/uploads\/2018\/10\/g3.jpg\" href=\"javascript:void(0);\" target=\"_self\">\r\n\t\t\t\t\t\t<img decoding=\"async\" class=\"aigpl-img\"  src=\"https:\/\/francis.co.uk\/wp-content\/uploads\/2018\/10\/g3.jpg\" alt=\"\" \/>\r\n\t\t\t\t\t<\/a>\r\n\t\t\t\t\t\t<\/div>\r\n\r\n\t\t\t<\/div>\r\n<\/div>\r\n<div class=\"aigpl-cnt-wrp aigpl-col-3 aigpl-columns\" data-item-index=\"5\">\r\n\t<div class=\"aigpl-inr-wrp\">\r\n\t\t<div class=\"aigpl-img-wrp\" style=\"\">\r\n\r\n\t\t\t\t\t\t\t\t<a class=\"aigpl-img-link\" data-mfp-src=\"https:\/\/francis.co.uk\/wp-content\/uploads\/2018\/10\/g2.jpg\" href=\"javascript:void(0);\" target=\"_self\">\r\n\t\t\t\t\t\t<img decoding=\"async\" class=\"aigpl-img\"  src=\"https:\/\/francis.co.uk\/wp-content\/uploads\/2018\/10\/g2.jpg\" alt=\"\" \/>\r\n\t\t\t\t\t<\/a>\r\n\t\t\t\t\t\t<\/div>\r\n\r\n\t\t\t<\/div>\r\n<\/div>\r\n\t\t<\/div><!-- end .aigpl-gallery-wrp -->\r\n\r\n\t[\/vc_column_text][\/vc_column][\/vc_row]<\/p>\n<\/div>","protected":false},"excerpt":{"rendered":"<p>[vc_row equal_height=&#8221;yes&#8221; content_placement=&#8221;middle&#8221; css=&#8221;.vc_custom_1541020033002{margin-bottom: 40px !important;}&#8221;][vc_column width=&#8221;7\/12&#8243;][vc_custom_heading text=&#8221;OUR HISTORY&#8221; font_container=&#8221;tag:h2|font_size:32px|text_align:left|color:%23243046&#8243; use_theme_fonts=&#8221;yes&#8221; css_animation=&#8221;fadeInLeft&#8221; css=&#8221;.vc_custom_1541093336058{margin-top: 0px !important;padding-top: 0px !important;}&#8221; el_class=&#8221;bold&#8221;][vc_custom_heading text=&#8221;Welcome to Francis Searchlights Limited.&#8221; font_container=&#8221;tag:h6|font_size:18px|text_align:left|color:%23eb8a2c&#8221; use_theme_fonts=&#8221;yes&#8221; css_animation=&#8221;fadeInLeft&#8221; css=&#8221;.vc_custom_1541024275078{margin-top: 0px !important;padding-top: 0px !important;}&#8221;][vc_column_text css_animation=&#8221;fadeInLeft&#8221; css=&#8221;.vc_custom_1639065977957{margin-bottom: 0px !important;padding-bottom: 0px !important;}&#8221;]Francis Searchlights Limited have designed and manufactured innovative, high quality and competitive lighting products since 1901. The Company has &hellip; <\/p>\n<p class=\"link-more\"><a href=\"https:\/\/francis.co.uk\/it_IT\/?post_type=aigpl_gallery&#038;p=192\" class=\"more-link\">Continue reading<span class=\"screen-reader-text\"> &#8220;About Gallery&#8221;<\/span><\/a><\/p>\n","protected":false},"author":1,"featured_media":2863,"parent":0,"menu_order":0,"comment_status":"closed","ping_status":"closed","template":"","meta":{"footnotes":""},"class_list":["post-150","page","type-page","status-publish","has-post-thumbnail","hentry"],"yoast_head":"<!-- This site is optimized with the Yoast SEO plugin v24.4 - https:\/\/yoast.com\/wordpress\/plugins\/seo\/ -->\n<title>About Francis marine searchlights security architectural building<\/title>\n<meta name=\"description\" content=\"Francis Searchlights specialise in Marine Lighting, Halogen Searchlights, Building Architectural Searchlights Security Lighting, Spotlights, Xenon Searchlights and Defence Lighting\" \/>\n<meta name=\"robots\" content=\"index, follow, max-snippet:-1, max-image-preview:large, max-video-preview:-1\" \/>\n<link rel=\"canonical\" href=\"https:\/\/francis.co.uk\/about-us\/\" \/>\n<meta property=\"og:locale\" content=\"it_IT\" \/>\n<meta property=\"og:type\" content=\"article\" \/>\n<meta property=\"og:title\" content=\"About Francis marine searchlights security architectural building\" \/>\n<meta property=\"og:description\" content=\"Francis Searchlights specialise in Marine Lighting, Halogen Searchlights, Building Architectural Searchlights Security Lighting, Spotlights, Xenon Searchlights and Defence Lighting\" \/>\n<meta property=\"og:url\" content=\"https:\/\/francis.co.uk\/about-us\/\" \/>\n<meta property=\"og:site_name\" content=\"Francis\" \/>\n<meta property=\"article:modified_time\" content=\"2025-08-13T11:54:33+00:00\" \/>\n<meta property=\"og:image\" content=\"https:\/\/francis.co.uk\/wp-content\/uploads\/2025\/08\/Screenshot-2025-08-13-124730-1.jpg\" \/>\n\t<meta property=\"og:image:width\" content=\"1161\" \/>\n\t<meta property=\"og:image:height\" content=\"368\" \/>\n\t<meta property=\"og:image:type\" content=\"image\/jpeg\" \/>\n<meta name=\"twitter:card\" content=\"summary_large_image\" \/>\n<meta name=\"twitter:label1\" content=\"Est. reading time\" \/>\n\t<meta name=\"twitter:data1\" content=\"5 minutes\" \/>\n<script type=\"application\/ld+json\" class=\"yoast-schema-graph\">{\"@context\":\"https:\/\/schema.org\",\"@graph\":[{\"@type\":\"WebPage\",\"@id\":\"https:\/\/francis.co.uk\/about-us\/\",\"url\":\"https:\/\/francis.co.uk\/about-us\/\",\"name\":\"About Francis marine searchlights security architectural building\",\"isPartOf\":{\"@id\":\"https:\/\/francis.co.uk\/#website\"},\"primaryImageOfPage\":{\"@id\":\"https:\/\/francis.co.uk\/about-us\/#primaryimage\"},\"image\":{\"@id\":\"https:\/\/francis.co.uk\/about-us\/#primaryimage\"},\"thumbnailUrl\":\"https:\/\/francis.co.uk\/wp-content\/uploads\/2025\/08\/Screenshot-2025-08-13-124730-1.jpg\",\"datePublished\":\"2018-10-31T20:51:52+00:00\",\"dateModified\":\"2025-08-13T11:54:33+00:00\",\"description\":\"Francis Searchlights specialise in Marine Lighting, Halogen Searchlights, Building Architectural Searchlights Security Lighting, Spotlights, Xenon Searchlights and Defence Lighting\",\"breadcrumb\":{\"@id\":\"https:\/\/francis.co.uk\/about-us\/#breadcrumb\"},\"inLanguage\":\"it-IT\",\"potentialAction\":[{\"@type\":\"ReadAction\",\"target\":[\"https:\/\/francis.co.uk\/about-us\/\"]}]},{\"@type\":\"ImageObject\",\"inLanguage\":\"it-IT\",\"@id\":\"https:\/\/francis.co.uk\/about-us\/#primaryimage\",\"url\":\"https:\/\/francis.co.uk\/wp-content\/uploads\/2025\/08\/Screenshot-2025-08-13-124730-1.jpg\",\"contentUrl\":\"https:\/\/francis.co.uk\/wp-content\/uploads\/2025\/08\/Screenshot-2025-08-13-124730-1.jpg\",\"width\":1161,\"height\":368},{\"@type\":\"BreadcrumbList\",\"@id\":\"https:\/\/francis.co.uk\/about-us\/#breadcrumb\",\"itemListElement\":[{\"@type\":\"ListItem\",\"position\":1,\"name\":\"Home\",\"item\":\"https:\/\/francis.co.uk\/\"},{\"@type\":\"ListItem\",\"position\":2,\"name\":\"About Us\"}]},{\"@type\":\"WebSite\",\"@id\":\"https:\/\/francis.co.uk\/#website\",\"url\":\"https:\/\/francis.co.uk\/\",\"name\":\"Francis\",\"description\":\"\",\"publisher\":{\"@id\":\"https:\/\/francis.co.uk\/#organization\"},\"potentialAction\":[{\"@type\":\"SearchAction\",\"target\":{\"@type\":\"EntryPoint\",\"urlTemplate\":\"https:\/\/francis.co.uk\/?s={search_term_string}\"},\"query-input\":{\"@type\":\"PropertyValueSpecification\",\"valueRequired\":true,\"valueName\":\"search_term_string\"}}],\"inLanguage\":\"it-IT\"},{\"@type\":\"Organization\",\"@id\":\"https:\/\/francis.co.uk\/#organization\",\"name\":\"Francis\",\"url\":\"https:\/\/francis.co.uk\/\",\"logo\":{\"@type\":\"ImageObject\",\"inLanguage\":\"it-IT\",\"@id\":\"https:\/\/francis.co.uk\/#\/schema\/logo\/image\/\",\"url\":\"https:\/\/francis.co.uk\/wp-content\/uploads\/2019\/01\/cropped-logo-1.png\",\"contentUrl\":\"https:\/\/francis.co.uk\/wp-content\/uploads\/2019\/01\/cropped-logo-1.png\",\"width\":614,\"height\":250,\"caption\":\"Francis\"},\"image\":{\"@id\":\"https:\/\/francis.co.uk\/#\/schema\/logo\/image\/\"}}]}<\/script>\n<!-- \/ Yoast SEO plugin. -->","yoast_head_json":{"title":"About Francis marine searchlights security architectural building","description":"Francis Searchlights specialise in Marine Lighting, Halogen Searchlights, Building Architectural Searchlights Security Lighting, Spotlights, Xenon Searchlights and Defence Lighting","robots":{"index":"index","follow":"follow","max-snippet":"max-snippet:-1","max-image-preview":"max-image-preview:large","max-video-preview":"max-video-preview:-1"},"canonical":"https:\/\/francis.co.uk\/about-us\/","og_locale":"it_IT","og_type":"article","og_title":"About Francis marine searchlights security architectural building","og_description":"Francis Searchlights specialise in Marine Lighting, Halogen Searchlights, Building Architectural Searchlights Security Lighting, Spotlights, Xenon Searchlights and Defence Lighting","og_url":"https:\/\/francis.co.uk\/about-us\/","og_site_name":"Francis","article_modified_time":"2025-08-13T11:54:33+00:00","og_image":[{"width":1161,"height":368,"url":"https:\/\/francis.co.uk\/wp-content\/uploads\/2025\/08\/Screenshot-2025-08-13-124730-1.jpg","type":"image\/jpeg"}],"twitter_card":"summary_large_image","twitter_misc":{"Est. reading time":"5 minutes"},"schema":{"@context":"https:\/\/schema.org","@graph":[{"@type":"WebPage","@id":"https:\/\/francis.co.uk\/about-us\/","url":"https:\/\/francis.co.uk\/about-us\/","name":"About Francis marine searchlights security architectural building","isPartOf":{"@id":"https:\/\/francis.co.uk\/#website"},"primaryImageOfPage":{"@id":"https:\/\/francis.co.uk\/about-us\/#primaryimage"},"image":{"@id":"https:\/\/francis.co.uk\/about-us\/#primaryimage"},"thumbnailUrl":"https:\/\/francis.co.uk\/wp-content\/uploads\/2025\/08\/Screenshot-2025-08-13-124730-1.jpg","datePublished":"2018-10-31T20:51:52+00:00","dateModified":"2025-08-13T11:54:33+00:00","description":"Francis Searchlights specialise in Marine Lighting, Halogen Searchlights, Building Architectural Searchlights Security Lighting, Spotlights, Xenon Searchlights and Defence Lighting","breadcrumb":{"@id":"https:\/\/francis.co.uk\/about-us\/#breadcrumb"},"inLanguage":"it-IT","potentialAction":[{"@type":"ReadAction","target":["https:\/\/francis.co.uk\/about-us\/"]}]},{"@type":"ImageObject","inLanguage":"it-IT","@id":"https:\/\/francis.co.uk\/about-us\/#primaryimage","url":"https:\/\/francis.co.uk\/wp-content\/uploads\/2025\/08\/Screenshot-2025-08-13-124730-1.jpg","contentUrl":"https:\/\/francis.co.uk\/wp-content\/uploads\/2025\/08\/Screenshot-2025-08-13-124730-1.jpg","width":1161,"height":368},{"@type":"BreadcrumbList","@id":"https:\/\/francis.co.uk\/about-us\/#breadcrumb","itemListElement":[{"@type":"ListItem","position":1,"name":"Home","item":"https:\/\/francis.co.uk\/"},{"@type":"ListItem","position":2,"name":"About Us"}]},{"@type":"WebSite","@id":"https:\/\/francis.co.uk\/#website","url":"https:\/\/francis.co.uk\/","name":"Francis","description":"","publisher":{"@id":"https:\/\/francis.co.uk\/#organization"},"potentialAction":[{"@type":"SearchAction","target":{"@type":"EntryPoint","urlTemplate":"https:\/\/francis.co.uk\/?s={search_term_string}"},"query-input":{"@type":"PropertyValueSpecification","valueRequired":true,"valueName":"search_term_string"}}],"inLanguage":"it-IT"},{"@type":"Organization","@id":"https:\/\/francis.co.uk\/#organization","name":"Francis","url":"https:\/\/francis.co.uk\/","logo":{"@type":"ImageObject","inLanguage":"it-IT","@id":"https:\/\/francis.co.uk\/#\/schema\/logo\/image\/","url":"https:\/\/francis.co.uk\/wp-content\/uploads\/2019\/01\/cropped-logo-1.png","contentUrl":"https:\/\/francis.co.uk\/wp-content\/uploads\/2019\/01\/cropped-logo-1.png","width":614,"height":250,"caption":"Francis"},"image":{"@id":"https:\/\/francis.co.uk\/#\/schema\/logo\/image\/"}}]}},"_links":{"self":[{"href":"https:\/\/francis.co.uk\/it_IT\/wp-json\/wp\/v2\/pages\/150","targetHints":{"allow":["GET"]}}],"collection":[{"href":"https:\/\/francis.co.uk\/it_IT\/wp-json\/wp\/v2\/pages"}],"about":[{"href":"https:\/\/francis.co.uk\/it_IT\/wp-json\/wp\/v2\/types\/page"}],"author":[{"embeddable":true,"href":"https:\/\/francis.co.uk\/it_IT\/wp-json\/wp\/v2\/users\/1"}],"replies":[{"embeddable":true,"href":"https:\/\/francis.co.uk\/it_IT\/wp-json\/wp\/v2\/comments?post=150"}],"version-history":[{"count":317,"href":"https:\/\/francis.co.uk\/it_IT\/wp-json\/wp\/v2\/pages\/150\/revisions"}],"predecessor-version":[{"id":2861,"href":"https:\/\/francis.co.uk\/it_IT\/wp-json\/wp\/v2\/pages\/150\/revisions\/2861"}],"wp:featuredmedia":[{"embeddable":true,"href":"https:\/\/francis.co.uk\/it_IT\/wp-json\/wp\/v2\/media\/2863"}],"wp:attachment":[{"href":"https:\/\/francis.co.uk\/it_IT\/wp-json\/wp\/v2\/media?parent=150"}],"curies":[{"name":"wp","href":"https:\/\/api.w.org\/{rel}","templated":true}]}}