
{"id":150,"date":"2018-10-31T20:51:52","date_gmt":"2018-10-31T20:51:52","guid":{"rendered":"http:\/\/127.0.0.1\/francis\/?page_id=150"},"modified":"2025-08-13T11:54:33","modified_gmt":"2025-08-13T11:54:33","slug":"about-us","status":"publish","type":"page","link":"https:\/\/francis.co.uk\/pt_PT\/about-us\/","title":{"rendered":"SOBRE N\u00d3S"},"content":{"rendered":"<div class=\"wpb-content-wrapper\"><p>[vc_row<br \/>\n equal_height=&#8221;yes&#8221; content_placement=&#8221;middle&#8221; css=&#8221;.vc_custom_1541020033002{margin-bottom: 40px !important;}&#8221;][vc_column width=&#8221;7\/12&#8243;][vc_custom_heading text=&#8221;NOSSA HIST\u00d3RIA&#8221; font_container=&#8221;tag:h2|font_size:32px|text_align:left|color:%23243046&#8243; use_theme_fonts=&#8221;yes&#8221; css_animation=&#8221;fadeInLeft&#8221; css=&#8221;.vc_custom_1542267445723{margin-top: 0px !important;padding-top: 0px !important;}&#8221; el_class=&#8221;bold&#8221;][vc_custom_heading text=&#8221;Bem vindo ao Francis Searchlights Limited.&#8221; font_container=&#8221;tag:h6|font_size:18px|text_align:left|color:%23eb8a2c&#8221; use_theme_fonts=&#8221;yes&#8221; css_animation=&#8221;fadeInLeft&#8221; css=&#8221;.vc_custom_1542267458036{margin-top: 0px !important;padding-top: 0px !important;}&#8221;][vc_column_text css_animation=&#8221;fadeInLeft&#8221; css=&#8221;.vc_custom_1548962850325{margin-bottom: 0px !important;padding-bottom: 0px !important;}&#8221;]<strong>Francis Searchlights Limited tem projetado e fabricado de qualidade, inovadores e de alta competitividade de produtos de ilumina\u00e7\u00e3o desde 1901. A Companhia alcan\u00e7ou uma reputa\u00e7\u00e3o mundial do mais alto padr\u00e3o.<\/strong><\/p>\n<p>A partir da finalidade constru\u00edda 18.000 sq ft lojas de f\u00e1brica em Bolton, Reino Unido, os produtos inovadores s\u00e3o desenvolvidos e fabricados, e inclui; holofotes marinho, ilumina\u00e7\u00e3o do ve\u00edculo, seguran\u00e7a e unidades de arquitetura.<\/p>\n<p>Francis Searchlights Limited faz parte do Vale do forte grupo de empresas, uma empresa din\u00e2mica e orientada para o mercado com locais estrat\u00e9gicos em todo o mundo. O Grupo \u00e9 presidido pelo Presidente, o Sr. Ted Fort OBE, ele pr\u00f3prio um criador credenciado e profissional de neg\u00f3cios com um toque de inova\u00e7\u00e3o e de unidade.[\/vc_column_text][\/vc_column][vc_column width=&#8221;5\/12&#8243;]<br \/>\n[vc_row<br \/>\n_inner css=&#8221;.vc_custom_1541020520136{margin-bottom: 20px !important;}&#8221;][vc_column_inner width=&#8221;1\/2&#8243;][vc_single_image image=&#8221;127&#8243; img_size=&#8221;full&#8221; alignment=&#8221;center&#8221; css_animation=&#8221;fadeInRight&#8221; css=&#8221;.vc_custom_1541024296022{margin-top: 0px !important;margin-bottom: 0px !important;padding-top: 0px !important;padding-bottom: 0px !important;}&#8221;][\/vc_column_inner][vc_column_inner width=&#8221;1\/2&#8243;][vc_single_image image=&#8221;126&#8243; img_size=&#8221;full&#8221; alignment=&#8221;center&#8221; css_animation=&#8221;fadeInRight&#8221; css=&#8221;.vc_custom_1541024303781{margin-top: 0px !important;margin-bottom: 0px !important;padding-top: 0px !important;padding-bottom: 0px !important;}&#8221;][\/vc_column_inner][\/vc_row_inner][vc_single_image image=&#8221;1644&#8243; img_size=&#8221;full&#8221; alignment=&#8221;right&#8221; css_animation=&#8221;fadeInRight&#8221; css=&#8221;.vc_custom_1547055426348{margin-top: 0px !important;margin-bottom: 0px !important;padding-top: 0px !important;padding-bottom: 0px !important;}&#8221;][\/vc_column][\/vc_row]<br \/>\n[vc_row<br \/>\n equal_height=&#8221;yes&#8221; content_placement=&#8221;middle&#8221; css=&#8221;.vc_custom_1541020038382{margin-bottom: 40px !important;}&#8221;][vc_column width=&#8221;5\/12&#8243;][vc_single_image image=&#8221;1604&#8243; img_size=&#8221;full&#8221; css_animation=&#8221;fadeInLeft&#8221; css=&#8221;.vc_custom_1547051793381{margin-top: 0px !important;margin-bottom: 0px !important;padding-top: 0px !important;padding-bottom: 0px !important;}&#8221;][\/vc_column][vc_column width=&#8221;7\/12&#8243;][vc_custom_heading text=&#8221;QUALIDADE E APROVA\u00c7\u00d5ES&#8221; font_container=&#8221;tag:h2|font_size:32px|text_align:right|color:%23243046&#8243; use_theme_fonts=&#8221;yes&#8221; css_animation=&#8221;fadeInRight&#8221; css=&#8221;.vc_custom_1542267518008{margin-top: 0px !important;padding-top: 0px !important;}&#8221; el_class=&#8221;bold&#8221;][vc_column_text css_animation=&#8221;fadeInRight&#8221; css=&#8221;.vc_custom_1542267567359{margin-bottom: 0px !important;padding-bottom: 0px !important;}&#8221;]<\/p>\n<p style=\"text-align: right;\"><strong>Os clientes variam de um amplo espectro, desde marinha comercial, naval, ex\u00e9rcito, seguran\u00e7a e pris\u00f5es, at\u00e9 conceitos e projetos de ilumina\u00e7\u00e3o arquitet\u00f4nica.<\/strong><\/p>\n<p style=\"text-align: right;\">A empresa det\u00e9m a aprova\u00e7\u00e3o ISO9001, com aprova\u00e7\u00f5es adicionais para o Minist\u00e9rio da Defesa e construtores navais em todo o mundo. Os produtos de holofote est\u00e3o dispon\u00edveis em estoque em configura\u00e7\u00f5es que abrangem controle remoto, controle de cabine e montagem manual no conv\u00e9s, oferecendo flexibilidade total.<\/p>\n<p>[\/vc_column_text][\/vc_column][\/vc_row]<br \/>\n[vc_row<br \/>\n equal_height=&#8221;yes&#8221; content_placement=&#8221;middle&#8221; css=&#8221;.vc_custom_1541020044682{margin-bottom: 40px !important;}&#8221;][vc_column width=&#8221;7\/12&#8243;][vc_custom_heading text=&#8221;INFORMA\u00c7\u00d5ES T\u00c9CNICAS&#8221; font_container=&#8221;tag:h2|font_size:32px|text_align:left|color:%23243046&#8243; use_theme_fonts=&#8221;yes&#8221; css_animation=&#8221;fadeInLeft&#8221; css=&#8221;.vc_custom_1542267585741{margin-top: 0px !important;padding-top: 0px !important;}&#8221; el_class=&#8221;bold&#8221;][vc_column_text css_animation=&#8221;fadeInLeft&#8221; css=&#8221;.vc_custom_1542267622354{margin-bottom: 0px !important;padding-bottom: 0px !important;}&#8221;]<strong>Uma variedade de fontes de luz est\u00e3o dispon\u00edveis como padr\u00e3o, come\u00e7ando com halog\u00eanio de tungst\u00eanio, com op\u00e7\u00f5es de efici\u00eancia adicional de halogeneto de metal e passando para a linha de arco de xen\u00f4nio de alta pot\u00eancia.<\/strong><\/p>\n<p>A empresa \u00e9 capaz de reagir r\u00e1pida e eficientemente com todos os novos requisitos de projeto, permitindo que o produto seja projetado, fabricado e entregue no prazo e no pre\u00e7o certo.[\/vc_column_text][\/vc_column][vc_column width=&#8221;5\/12&#8243;][vc_single_image image=&#8221;154&#8243; img_size=&#8221;full&#8221; alignment=&#8221;right&#8221; css_animation=&#8221;fadeInRight&#8221; css=&#8221;.vc_custom_1547053709131{margin-top: 0px !important;margin-bottom: 0px !important;padding-top: 0px !important;padding-bottom: 0px !important;}&#8221;][\/vc_column][\/vc_row]<br \/>\n[vc_row<br \/>\n equal_height=&#8221;yes&#8221; content_placement=&#8221;middle&#8221; css=&#8221;.vc_custom_1541024078205{margin-bottom: 40px !important;}&#8221;][vc_column width=&#8221;5\/12&#8243;][vc_single_image image=&#8221;155&#8243; img_size=&#8221;full&#8221; css_animation=&#8221;fadeInLeft&#8221; css=&#8221;.vc_custom_1541024371066{margin-top: 0px !important;margin-bottom: 0px !important;padding-top: 0px !important;padding-bottom: 0px !important;}&#8221;][\/vc_column][vc_column width=&#8221;7\/12&#8243;][vc_custom_heading text=&#8221;CLIENTES \/ DISTRIBUI\u00c7\u00c3O&#8221; font_container=&#8221;tag:h2|font_size:32px|text_align:right|color:%23243046&#8243; use_theme_fonts=&#8221;yes&#8221; css_animation=&#8221;fadeInRight&#8221; css=&#8221;.vc_custom_1542267638816{margin-top: 0px !important;padding-top: 0px !important;}&#8221; el_class=&#8221;bold&#8221;][vc_column_text css_animation=&#8221;fadeInRight&#8221; css=&#8221;.vc_custom_1542267666828{margin-bottom: 0px !important;padding-bottom: 0px !important;}&#8221;]<\/p>\n<p style=\"text-align: right;\">Para garantir a expertise do mercado local e altos n\u00edveis de servi\u00e7o ao cliente, a empresa possui uma rede de distribui\u00e7\u00e3o mundial estrategicamente localizada. Para obter informa\u00e7\u00f5es, envie um e-mail para <a> sales@francis.co.uk <\/a> e solicite detalhes para o seu pa\u00eds.<\/p>\n<p>[\/vc_column_text][\/vc_column][\/vc_row]<br \/>\n[vc_row<br \/>\n full_width=&#8221;stretch_row&#8221; equal_height=&#8221;yes&#8221; css=&#8221;.vc_custom_1548872722968{margin-bottom: 40px !important;background-image: url(http:\/\/testweb4you.com\/projects\/francis\/wp-content\/uploads\/2019\/01\/img003.jpg?id=1900) !important;background-position: 0 0 !important;background-repeat: no-repeat !important;}&#8221; el_id=&#8221;testimonial&#8221; el_class=&#8221;right_bg_image&#8221;][vc_column width=&#8221;1\/2&#8243; css=&#8221;.vc_custom_1540875397155{padding-right: 30px !important;}&#8221;][vc_empty_space height=&#8221;20px&#8221;][vc_custom_heading text=&#8221;Miss\u00e3o&#8221; font_container=&#8221;tag:h2|font_size:32px|text_align:left|color:%23243046&#8243; use_theme_fonts=&#8221;yes&#8221; css_animation=&#8221;slideInLeft&#8221; css=&#8221;.vc_custom_1547916587441{margin-top: 0px !important;margin-bottom: 20px !important;padding-top: 0px !important;}&#8221; el_class=&#8221;bold&#8221;][vc_column_text css_animation=&#8221;slideInLeft&#8221; css=&#8221;.vc_custom_1547916610170{margin-bottom: 0px !important;padding-bottom: 0px !important;}&#8221; el_class=&#8221;myquote&#8221;]<\/p>\n<blockquote><p>Francis Searchlights \u00e9 focada no cliente e \u00e9 dedicada a fornecer os melhores produtos de ilumina\u00e7\u00e3o dispon\u00edveis. Investir nas mais recentes t\u00e9cnicas de concep\u00e7\u00e3o e m\u00e9todos de fabrica\u00e7\u00e3o, a empresa est\u00e1 comprometida em manter sua posi\u00e7\u00e3o de lideran\u00e7a do mercado global.<\/p><\/blockquote>\n<p>[\/vc_column_text][\/vc_column][vc_column width=&#8221;1\/2&#8243; css=&#8221;.vc_custom_1540875402354{padding-left: 30px !important;}&#8221;][\/vc_column][\/vc_row]<br \/>\n[vc_row<br \/>\n disable_element=&#8221;yes&#8221;][vc_column][vc_custom_heading text=&#8221;GALERIA&#8221; font_container=&#8221;tag:h2|font_size:32px|text_align:center|color:%23243046&#8243; use_theme_fonts=&#8221;yes&#8221; css_animation=&#8221;slideInUp&#8221; css=&#8221;.vc_custom_1542267705902{margin-top: 0px !important;margin-bottom: 20px !important;padding-top: 0px !important;}&#8221; el_class=&#8221;bold&#8221;][vc_column_text css_animation=&#8221;fadeInUp&#8221;]\r\n\t\t<div class=\"aigpl-gallery aigpl-gallery-wrp aigpl-gallery-grid aigpl-clearfix aigpl-design-1 aigpl-popup-gallery \" id=\"aigpl-gallery-1\">\r\n\r\n\t\t\r\n<div class=\"aigpl-cnt-wrp aigpl-col-3 aigpl-columns aigpl-first\" data-item-index=\"1\">\r\n\t<div class=\"aigpl-inr-wrp\">\r\n\t\t<div class=\"aigpl-img-wrp\" style=\"\">\r\n\r\n\t\t\t\t\t\t\t\t<a class=\"aigpl-img-link\" data-mfp-src=\"https:\/\/francis.co.uk\/wp-content\/uploads\/2018\/10\/g1.jpg\" href=\"javascript:void(0);\" target=\"_self\">\r\n\t\t\t\t\t\t<img decoding=\"async\" class=\"aigpl-img\"  src=\"https:\/\/francis.co.uk\/wp-content\/uploads\/2018\/10\/g1.jpg\" alt=\"\" \/>\r\n\t\t\t\t\t<\/a>\r\n\t\t\t\t\t\t<\/div>\r\n\r\n\t\t\t<\/div>\r\n<\/div>\r\n<div class=\"aigpl-cnt-wrp aigpl-col-3 aigpl-columns\" data-item-index=\"2\">\r\n\t<div class=\"aigpl-inr-wrp\">\r\n\t\t<div class=\"aigpl-img-wrp\" style=\"\">\r\n\r\n\t\t\t\t\t\t\t\t<a class=\"aigpl-img-link\" data-mfp-src=\"https:\/\/francis.co.uk\/wp-content\/uploads\/2018\/10\/g6.jpg\" href=\"javascript:void(0);\" target=\"_self\">\r\n\t\t\t\t\t\t<img decoding=\"async\" class=\"aigpl-img\"  src=\"https:\/\/francis.co.uk\/wp-content\/uploads\/2018\/10\/g6.jpg\" alt=\"\" \/>\r\n\t\t\t\t\t<\/a>\r\n\t\t\t\t\t\t<\/div>\r\n\r\n\t\t\t<\/div>\r\n<\/div>\r\n<div class=\"aigpl-cnt-wrp aigpl-col-3 aigpl-columns\" data-item-index=\"3\">\r\n\t<div class=\"aigpl-inr-wrp\">\r\n\t\t<div class=\"aigpl-img-wrp\" style=\"\">\r\n\r\n\t\t\t\t\t\t\t\t<a class=\"aigpl-img-link\" data-mfp-src=\"https:\/\/francis.co.uk\/wp-content\/uploads\/2018\/10\/g5.jpg\" href=\"javascript:void(0);\" target=\"_self\">\r\n\t\t\t\t\t\t<img decoding=\"async\" class=\"aigpl-img\"  src=\"https:\/\/francis.co.uk\/wp-content\/uploads\/2018\/10\/g5.jpg\" alt=\"\" \/>\r\n\t\t\t\t\t<\/a>\r\n\t\t\t\t\t\t<\/div>\r\n\r\n\t\t\t<\/div>\r\n<\/div>\r\n<div class=\"aigpl-cnt-wrp aigpl-col-3 aigpl-columns aigpl-first\" data-item-index=\"4\">\r\n\t<div class=\"aigpl-inr-wrp\">\r\n\t\t<div class=\"aigpl-img-wrp\" style=\"\">\r\n\r\n\t\t\t\t\t\t\t\t<a class=\"aigpl-img-link\" data-mfp-src=\"https:\/\/francis.co.uk\/wp-content\/uploads\/2018\/10\/g3.jpg\" href=\"javascript:void(0);\" target=\"_self\">\r\n\t\t\t\t\t\t<img decoding=\"async\" class=\"aigpl-img\"  src=\"https:\/\/francis.co.uk\/wp-content\/uploads\/2018\/10\/g3.jpg\" alt=\"\" \/>\r\n\t\t\t\t\t<\/a>\r\n\t\t\t\t\t\t<\/div>\r\n\r\n\t\t\t<\/div>\r\n<\/div>\r\n<div class=\"aigpl-cnt-wrp aigpl-col-3 aigpl-columns\" data-item-index=\"5\">\r\n\t<div class=\"aigpl-inr-wrp\">\r\n\t\t<div class=\"aigpl-img-wrp\" style=\"\">\r\n\r\n\t\t\t\t\t\t\t\t<a class=\"aigpl-img-link\" data-mfp-src=\"https:\/\/francis.co.uk\/wp-content\/uploads\/2018\/10\/g2.jpg\" href=\"javascript:void(0);\" target=\"_self\">\r\n\t\t\t\t\t\t<img decoding=\"async\" class=\"aigpl-img\"  src=\"https:\/\/francis.co.uk\/wp-content\/uploads\/2018\/10\/g2.jpg\" alt=\"\" \/>\r\n\t\t\t\t\t<\/a>\r\n\t\t\t\t\t\t<\/div>\r\n\r\n\t\t\t<\/div>\r\n<\/div>\r\n\t\t<\/div><!-- end .aigpl-gallery-wrp -->\r\n\r\n\t[\/vc_column_text][\/vc_column][\/vc_row]<\/p>\n<\/div>","protected":false},"excerpt":{"rendered":"<p>[vc_row equal_height=&#8221;yes&#8221; content_placement=&#8221;middle&#8221; css=&#8221;.vc_custom_1541020033002{margin-bottom: 40px !important;}&#8221;][vc_column width=&#8221;7\/12&#8243;][vc_custom_heading text=&#8221;OUR HISTORY&#8221; font_container=&#8221;tag:h2|font_size:32px|text_align:left|color:%23243046&#8243; use_theme_fonts=&#8221;yes&#8221; css_animation=&#8221;fadeInLeft&#8221; css=&#8221;.vc_custom_1541093336058{margin-top: 0px !important;padding-top: 0px !important;}&#8221; el_class=&#8221;bold&#8221;][vc_custom_heading text=&#8221;Welcome to Francis Searchlights Limited.&#8221; font_container=&#8221;tag:h6|font_size:18px|text_align:left|color:%23eb8a2c&#8221; use_theme_fonts=&#8221;yes&#8221; css_animation=&#8221;fadeInLeft&#8221; css=&#8221;.vc_custom_1541024275078{margin-top: 0px !important;padding-top: 0px !important;}&#8221;][vc_column_text css_animation=&#8221;fadeInLeft&#8221; css=&#8221;.vc_custom_1639065977957{margin-bottom: 0px !important;padding-bottom: 0px !important;}&#8221;]Francis Searchlights Limited have designed and manufactured innovative, high quality and competitive lighting products since 1901. The Company has &hellip; <\/p>\n<p class=\"link-more\"><a href=\"https:\/\/francis.co.uk\/pt_PT\/?post_type=aigpl_gallery&#038;p=192\" class=\"more-link\">Continue reading<span class=\"screen-reader-text\"> &#8220;About Gallery&#8221;<\/span><\/a><\/p>\n","protected":false},"author":1,"featured_media":2863,"parent":0,"menu_order":0,"comment_status":"closed","ping_status":"closed","template":"","meta":{"footnotes":""},"class_list":["post-150","page","type-page","status-publish","has-post-thumbnail","hentry"],"yoast_head":"<!-- This site is optimized with the Yoast SEO plugin v24.4 - https:\/\/yoast.com\/wordpress\/plugins\/seo\/ -->\n<title>About Francis marine searchlights security architectural building<\/title>\n<meta name=\"description\" content=\"Francis Searchlights specialise in Marine Lighting, Halogen Searchlights, Building Architectural Searchlights Security Lighting, Spotlights, Xenon Searchlights and Defence Lighting\" \/>\n<meta name=\"robots\" content=\"index, follow, max-snippet:-1, max-image-preview:large, max-video-preview:-1\" \/>\n<link rel=\"canonical\" href=\"https:\/\/francis.co.uk\/about-us\/\" \/>\n<meta property=\"og:locale\" content=\"pt_PT\" \/>\n<meta property=\"og:type\" content=\"article\" \/>\n<meta property=\"og:title\" content=\"About Francis marine searchlights security architectural building\" \/>\n<meta property=\"og:description\" content=\"Francis Searchlights specialise in Marine Lighting, Halogen Searchlights, Building Architectural Searchlights Security Lighting, Spotlights, Xenon Searchlights and Defence Lighting\" \/>\n<meta property=\"og:url\" content=\"https:\/\/francis.co.uk\/about-us\/\" \/>\n<meta property=\"og:site_name\" content=\"Francis\" \/>\n<meta property=\"article:modified_time\" content=\"2025-08-13T11:54:33+00:00\" \/>\n<meta property=\"og:image\" content=\"https:\/\/francis.co.uk\/wp-content\/uploads\/2025\/08\/Screenshot-2025-08-13-124730-1.jpg\" \/>\n\t<meta property=\"og:image:width\" content=\"1161\" \/>\n\t<meta property=\"og:image:height\" content=\"368\" \/>\n\t<meta property=\"og:image:type\" content=\"image\/jpeg\" \/>\n<meta name=\"twitter:card\" content=\"summary_large_image\" \/>\n<meta name=\"twitter:label1\" content=\"Est. reading time\" \/>\n\t<meta name=\"twitter:data1\" content=\"5 minutes\" \/>\n<script type=\"application\/ld+json\" class=\"yoast-schema-graph\">{\"@context\":\"https:\/\/schema.org\",\"@graph\":[{\"@type\":\"WebPage\",\"@id\":\"https:\/\/francis.co.uk\/about-us\/\",\"url\":\"https:\/\/francis.co.uk\/about-us\/\",\"name\":\"About Francis marine searchlights security architectural building\",\"isPartOf\":{\"@id\":\"https:\/\/francis.co.uk\/#website\"},\"primaryImageOfPage\":{\"@id\":\"https:\/\/francis.co.uk\/about-us\/#primaryimage\"},\"image\":{\"@id\":\"https:\/\/francis.co.uk\/about-us\/#primaryimage\"},\"thumbnailUrl\":\"https:\/\/francis.co.uk\/wp-content\/uploads\/2025\/08\/Screenshot-2025-08-13-124730-1.jpg\",\"datePublished\":\"2018-10-31T20:51:52+00:00\",\"dateModified\":\"2025-08-13T11:54:33+00:00\",\"description\":\"Francis Searchlights specialise in Marine Lighting, Halogen Searchlights, Building Architectural Searchlights Security Lighting, Spotlights, Xenon Searchlights and Defence Lighting\",\"breadcrumb\":{\"@id\":\"https:\/\/francis.co.uk\/about-us\/#breadcrumb\"},\"inLanguage\":\"pt-PT\",\"potentialAction\":[{\"@type\":\"ReadAction\",\"target\":[\"https:\/\/francis.co.uk\/about-us\/\"]}]},{\"@type\":\"ImageObject\",\"inLanguage\":\"pt-PT\",\"@id\":\"https:\/\/francis.co.uk\/about-us\/#primaryimage\",\"url\":\"https:\/\/francis.co.uk\/wp-content\/uploads\/2025\/08\/Screenshot-2025-08-13-124730-1.jpg\",\"contentUrl\":\"https:\/\/francis.co.uk\/wp-content\/uploads\/2025\/08\/Screenshot-2025-08-13-124730-1.jpg\",\"width\":1161,\"height\":368},{\"@type\":\"BreadcrumbList\",\"@id\":\"https:\/\/francis.co.uk\/about-us\/#breadcrumb\",\"itemListElement\":[{\"@type\":\"ListItem\",\"position\":1,\"name\":\"Home\",\"item\":\"https:\/\/francis.co.uk\/\"},{\"@type\":\"ListItem\",\"position\":2,\"name\":\"About Us\"}]},{\"@type\":\"WebSite\",\"@id\":\"https:\/\/francis.co.uk\/#website\",\"url\":\"https:\/\/francis.co.uk\/\",\"name\":\"Francis\",\"description\":\"\",\"publisher\":{\"@id\":\"https:\/\/francis.co.uk\/#organization\"},\"potentialAction\":[{\"@type\":\"SearchAction\",\"target\":{\"@type\":\"EntryPoint\",\"urlTemplate\":\"https:\/\/francis.co.uk\/?s={search_term_string}\"},\"query-input\":{\"@type\":\"PropertyValueSpecification\",\"valueRequired\":true,\"valueName\":\"search_term_string\"}}],\"inLanguage\":\"pt-PT\"},{\"@type\":\"Organization\",\"@id\":\"https:\/\/francis.co.uk\/#organization\",\"name\":\"Francis\",\"url\":\"https:\/\/francis.co.uk\/\",\"logo\":{\"@type\":\"ImageObject\",\"inLanguage\":\"pt-PT\",\"@id\":\"https:\/\/francis.co.uk\/#\/schema\/logo\/image\/\",\"url\":\"https:\/\/francis.co.uk\/wp-content\/uploads\/2019\/01\/cropped-logo-1.png\",\"contentUrl\":\"https:\/\/francis.co.uk\/wp-content\/uploads\/2019\/01\/cropped-logo-1.png\",\"width\":614,\"height\":250,\"caption\":\"Francis\"},\"image\":{\"@id\":\"https:\/\/francis.co.uk\/#\/schema\/logo\/image\/\"}}]}<\/script>\n<!-- \/ Yoast SEO plugin. -->","yoast_head_json":{"title":"About Francis marine searchlights security architectural building","description":"Francis Searchlights specialise in Marine Lighting, Halogen Searchlights, Building Architectural Searchlights Security Lighting, Spotlights, Xenon Searchlights and Defence Lighting","robots":{"index":"index","follow":"follow","max-snippet":"max-snippet:-1","max-image-preview":"max-image-preview:large","max-video-preview":"max-video-preview:-1"},"canonical":"https:\/\/francis.co.uk\/about-us\/","og_locale":"pt_PT","og_type":"article","og_title":"About Francis marine searchlights security architectural building","og_description":"Francis Searchlights specialise in Marine Lighting, Halogen Searchlights, Building Architectural Searchlights Security Lighting, Spotlights, Xenon Searchlights and Defence Lighting","og_url":"https:\/\/francis.co.uk\/about-us\/","og_site_name":"Francis","article_modified_time":"2025-08-13T11:54:33+00:00","og_image":[{"width":1161,"height":368,"url":"https:\/\/francis.co.uk\/wp-content\/uploads\/2025\/08\/Screenshot-2025-08-13-124730-1.jpg","type":"image\/jpeg"}],"twitter_card":"summary_large_image","twitter_misc":{"Est. reading time":"5 minutes"},"schema":{"@context":"https:\/\/schema.org","@graph":[{"@type":"WebPage","@id":"https:\/\/francis.co.uk\/about-us\/","url":"https:\/\/francis.co.uk\/about-us\/","name":"About Francis marine searchlights security architectural building","isPartOf":{"@id":"https:\/\/francis.co.uk\/#website"},"primaryImageOfPage":{"@id":"https:\/\/francis.co.uk\/about-us\/#primaryimage"},"image":{"@id":"https:\/\/francis.co.uk\/about-us\/#primaryimage"},"thumbnailUrl":"https:\/\/francis.co.uk\/wp-content\/uploads\/2025\/08\/Screenshot-2025-08-13-124730-1.jpg","datePublished":"2018-10-31T20:51:52+00:00","dateModified":"2025-08-13T11:54:33+00:00","description":"Francis Searchlights specialise in Marine Lighting, Halogen Searchlights, Building Architectural Searchlights Security Lighting, Spotlights, Xenon Searchlights and Defence Lighting","breadcrumb":{"@id":"https:\/\/francis.co.uk\/about-us\/#breadcrumb"},"inLanguage":"pt-PT","potentialAction":[{"@type":"ReadAction","target":["https:\/\/francis.co.uk\/about-us\/"]}]},{"@type":"ImageObject","inLanguage":"pt-PT","@id":"https:\/\/francis.co.uk\/about-us\/#primaryimage","url":"https:\/\/francis.co.uk\/wp-content\/uploads\/2025\/08\/Screenshot-2025-08-13-124730-1.jpg","contentUrl":"https:\/\/francis.co.uk\/wp-content\/uploads\/2025\/08\/Screenshot-2025-08-13-124730-1.jpg","width":1161,"height":368},{"@type":"BreadcrumbList","@id":"https:\/\/francis.co.uk\/about-us\/#breadcrumb","itemListElement":[{"@type":"ListItem","position":1,"name":"Home","item":"https:\/\/francis.co.uk\/"},{"@type":"ListItem","position":2,"name":"About Us"}]},{"@type":"WebSite","@id":"https:\/\/francis.co.uk\/#website","url":"https:\/\/francis.co.uk\/","name":"Francis","description":"","publisher":{"@id":"https:\/\/francis.co.uk\/#organization"},"potentialAction":[{"@type":"SearchAction","target":{"@type":"EntryPoint","urlTemplate":"https:\/\/francis.co.uk\/?s={search_term_string}"},"query-input":{"@type":"PropertyValueSpecification","valueRequired":true,"valueName":"search_term_string"}}],"inLanguage":"pt-PT"},{"@type":"Organization","@id":"https:\/\/francis.co.uk\/#organization","name":"Francis","url":"https:\/\/francis.co.uk\/","logo":{"@type":"ImageObject","inLanguage":"pt-PT","@id":"https:\/\/francis.co.uk\/#\/schema\/logo\/image\/","url":"https:\/\/francis.co.uk\/wp-content\/uploads\/2019\/01\/cropped-logo-1.png","contentUrl":"https:\/\/francis.co.uk\/wp-content\/uploads\/2019\/01\/cropped-logo-1.png","width":614,"height":250,"caption":"Francis"},"image":{"@id":"https:\/\/francis.co.uk\/#\/schema\/logo\/image\/"}}]}},"_links":{"self":[{"href":"https:\/\/francis.co.uk\/pt_PT\/wp-json\/wp\/v2\/pages\/150","targetHints":{"allow":["GET"]}}],"collection":[{"href":"https:\/\/francis.co.uk\/pt_PT\/wp-json\/wp\/v2\/pages"}],"about":[{"href":"https:\/\/francis.co.uk\/pt_PT\/wp-json\/wp\/v2\/types\/page"}],"author":[{"embeddable":true,"href":"https:\/\/francis.co.uk\/pt_PT\/wp-json\/wp\/v2\/users\/1"}],"replies":[{"embeddable":true,"href":"https:\/\/francis.co.uk\/pt_PT\/wp-json\/wp\/v2\/comments?post=150"}],"version-history":[{"count":317,"href":"https:\/\/francis.co.uk\/pt_PT\/wp-json\/wp\/v2\/pages\/150\/revisions"}],"predecessor-version":[{"id":2861,"href":"https:\/\/francis.co.uk\/pt_PT\/wp-json\/wp\/v2\/pages\/150\/revisions\/2861"}],"wp:featuredmedia":[{"embeddable":true,"href":"https:\/\/francis.co.uk\/pt_PT\/wp-json\/wp\/v2\/media\/2863"}],"wp:attachment":[{"href":"https:\/\/francis.co.uk\/pt_PT\/wp-json\/wp\/v2\/media?parent=150"}],"curies":[{"name":"wp","href":"https:\/\/api.w.org\/{rel}","templated":true}]}}