
{"id":177,"date":"2018-10-31T21:27:28","date_gmt":"2018-10-31T21:27:28","guid":{"rendered":"http:\/\/127.0.0.1\/francis\/?page_id=177"},"modified":"2021-12-14T14:00:03","modified_gmt":"2021-12-14T14:00:03","slug":"contact-us-distributors","status":"publish","type":"page","link":"https:\/\/francis.co.uk\/pt_PT\/contact-us-distributors\/","title":{"rendered":"CONTACO"},"content":{"rendered":"<div class=\"wpb-content-wrapper\"><p>[vc_row<br \/>\n full_width=&#8221;stretch_row_content_no_spaces&#8221; css=&#8221;.vc_custom_1544619986860{margin-top: -50px !important;}&#8221;][vc_column][vc_column_text]    \t<div id=\"map-container\">\r\n        <div id=\"mapdiv\" data-lat=\"\" data-long=\"\" data-zoom=\"\" style=\"width: 100%; background-color:#EEEEEE; height: 500px;\"><\/div>\r\n        <div id=\"desc_overlay\" class=\"animated\">\r\n\t        <h2 class=\"pop_desc_title\"><\/h2><span id=\"ico_close\"><img decoding=\"async\" src=\"https:\/\/francis.co.uk\/wp-content\/plugins\/ideal-interactive-map\/img\/close.png\" align=\"middle\" \/><\/span>\r\n\t        <div id=\"overlay-content\"><\/p>\r\n\t        <\/div>\r\n        <\/div>\r\n    \t<\/div>\r\n    \t<div id=\"mapreadmore\">\r\n    \t<\/div> [\/vc_column_text][\/vc_column][\/vc_row]<br \/>\n[vc_row<br \/>\n][vc_column][vc_empty_space height=&#8221;50px&#8221;][\/vc_column][\/vc_row]<br \/>\n[vc_row<br \/>\n][vc_column width=&#8221;1\/2&#8243;]\n<div class=\"wpcf7 no-js\" id=\"wpcf7-f769-o1\" lang=\"en-US\" dir=\"ltr\" data-wpcf7-id=\"769\">\n<div class=\"screen-reader-response\"><p role=\"status\" aria-live=\"polite\" aria-atomic=\"true\"><\/p> <ul><\/ul><\/div>\n<form action=\"\/pt_PT\/wp-json\/wp\/v2\/pages\/177#wpcf7-f769-o1\" method=\"post\" class=\"wpcf7-form init\" aria-label=\"Contact form\" novalidate=\"novalidate\" data-status=\"init\">\n<div style=\"display: none;\">\n<input type=\"hidden\" name=\"_wpcf7\" value=\"769\" \/>\n<input type=\"hidden\" name=\"_wpcf7_version\" value=\"6.0.3\" \/>\n<input type=\"hidden\" name=\"_wpcf7_locale\" value=\"en_US\" \/>\n<input type=\"hidden\" name=\"_wpcf7_unit_tag\" value=\"wpcf7-f769-o1\" \/>\n<input type=\"hidden\" name=\"_wpcf7_container_post\" value=\"0\" \/>\n<input type=\"hidden\" name=\"_wpcf7_posted_data_hash\" value=\"\" \/>\n<input type=\"hidden\" name=\"_wpcf7_recaptcha_response\" value=\"\" \/>\n<\/div>\n<div id=\"contact-us-form\">\n\t<div class=\"form-group\">\n\t\t<p><span class=\"wpcf7-form-control-wrap\" data-name=\"your-name\"><input size=\"40\" maxlength=\"400\" class=\"wpcf7-form-control wpcf7-text wpcf7-validates-as-required form-control\" aria-required=\"true\" aria-invalid=\"false\" placeholder=\"Nome*\" value=\"\" type=\"text\" name=\"your-name\" \/><\/span>\n\t\t<\/p>\n\t<\/div>\n\t<div class=\"form-group\">\n\t\t<p><span class=\"wpcf7-form-control-wrap\" data-name=\"your-position\"><input size=\"40\" maxlength=\"400\" class=\"wpcf7-form-control wpcf7-text wpcf7-validates-as-required form-control\" aria-required=\"true\" aria-invalid=\"false\" placeholder=\"Posi\u00e7\u00e3o*\" value=\"\" type=\"text\" name=\"your-position\" \/><\/span>\n\t\t<\/p>\n\t<\/div>\n\t<div class=\"form-group\">\n\t\t<p><span class=\"wpcf7-form-control-wrap\" data-name=\"your-organisation-name\"><input size=\"40\" maxlength=\"400\" class=\"wpcf7-form-control wpcf7-text wpcf7-validates-as-required form-control\" aria-required=\"true\" aria-invalid=\"false\" placeholder=\"Nome da organiza\u00e7\u00e3o*\" value=\"\" type=\"text\" name=\"your-organisation-name\" \/><\/span>\n\t\t<\/p>\n\t<\/div>\n\t<div class=\"form-group\">\n\t\t<p><span class=\"wpcf7-form-control-wrap\" data-name=\"your-email-address\"><input size=\"40\" maxlength=\"400\" class=\"wpcf7-form-control wpcf7-email wpcf7-validates-as-required wpcf7-text wpcf7-validates-as-email form-control\" aria-required=\"true\" aria-invalid=\"false\" placeholder=\"Endere\u00e7o de e-mail*\" value=\"\" type=\"email\" name=\"your-email-address\" \/><\/span>\n\t\t<\/p>\n\t<\/div>\n\t<div class=\"form-group\">\n\t\t<p><span class=\"wpcf7-form-control-wrap\" data-name=\"your-telephone\"><input size=\"40\" maxlength=\"400\" class=\"wpcf7-form-control wpcf7-tel wpcf7-validates-as-required wpcf7-text wpcf7-validates-as-tel form-control\" aria-required=\"true\" aria-invalid=\"false\" placeholder=\"Telefone*\" value=\"\" type=\"tel\" name=\"your-telephone\" \/><\/span>\n\t\t<\/p>\n\t<\/div>\n\t<div class=\"form-group\">\n\t\t<p><span class=\"wpcf7-form-control-wrap\" data-name=\"your-location-country\"><textarea cols=\"40\" rows=\"10\" maxlength=\"2000\" class=\"wpcf7-form-control wpcf7-textarea wpcf7-validates-as-required form-control\" aria-required=\"true\" aria-invalid=\"false\" placeholder=\"Localiza\u00e7\u00e3o \/ Pa\u00eds*\" name=\"your-location-country\"><\/textarea><\/span>\n\t\t<\/p>\n\t<\/div>\n\t<div class=\"form-group\">\n\t\t<p><span class=\"wpcf7-form-control-wrap\" data-name=\"your-nature-your-enquiry\"><textarea cols=\"40\" rows=\"10\" maxlength=\"2000\" class=\"wpcf7-form-control wpcf7-textarea wpcf7-validates-as-required form-control\" aria-required=\"true\" aria-invalid=\"false\" placeholder=\"Natureza da sua pergunta*\" name=\"your-nature-your-enquiry\"><\/textarea><\/span>\n\t\t<\/p>\n\t<\/div>\n\t<div class=\"form-group\">\n\t\t<h5>DECLARA\u00c7\u00c3O DE CONFORMIDADE DO GDPR\n\t\t<\/h5>\n\t\t<p><label><span class=\"wpcf7-form-control-wrap\" data-name=\"condition\"><span class=\"wpcf7-form-control wpcf7-checkbox\"><span class=\"wpcf7-list-item first last\"><input type=\"checkbox\" name=\"condition[]\" value=\"Eu \/ n\u00f3s damos consentimento para que minhas \/ nossas informa\u00e7\u00f5es de contato sejam respondidas e usadas para qualquer comunica\u00e7\u00e3o da sua organiza\u00e7\u00e3o. Eu \/ n\u00f3s entendemos que podemos retirar este consentimento a qualquer momento e que, no caso de n\u00e3o estarmos em um relacionamento comercial cont\u00ednuo, nossos detalhes de contato ser\u00e3o mantidos por no m\u00e1ximo dois anos, mas ser\u00e3o exclu\u00eddos a qualquer momento, mediante solicita\u00e7\u00e3o.\" \/><span class=\"wpcf7-list-item-label\">Eu \/ n\u00f3s damos consentimento para que minhas \/ nossas informa\u00e7\u00f5es de contato sejam respondidas e usadas para qualquer comunica\u00e7\u00e3o da sua organiza\u00e7\u00e3o. Eu \/ n\u00f3s entendemos que podemos retirar este consentimento a qualquer momento e que, no caso de n\u00e3o estarmos em um relacionamento comercial cont\u00ednuo, nossos detalhes de contato ser\u00e3o mantidos por no m\u00e1ximo dois anos, mas ser\u00e3o exclu\u00eddos a qualquer momento, mediante solicita\u00e7\u00e3o.<\/span><\/span><\/span><\/span> <\/label>\n\t\t<\/p>\n\t<\/div>\n\t<div class=\"form-group\">\n\t\t<p><input class=\"wpcf7-form-control wpcf7-submit has-spinner\" type=\"submit\" value=\"Mandar\" \/>\n\t\t<\/p>\n\t<\/div>\n<\/div><div class=\"wpcf7-response-output\" aria-hidden=\"true\"><\/div>\n<\/form>\n<\/div>\n[\/vc_column][vc_column width=&#8221;1\/2&#8243;][vc_column_text]Esta Declara\u00e7\u00e3o \u00e9 feita para estar em conformidade com o The Companies Act 2006.<\/p>\n<p><span class=\"hl\">Tel: <\/span><a href=\"tel:+4401204 558960\">+44 (0)1204 558960<\/a><br \/>\n<span class=\"hl\">Fax: <\/span><a href=\"tel:+4401204 558979\">+44 (0)1204 558979<\/a><br \/>\n<span class=\"hl\">Skype: <\/span><a href=\"skype:marcsthurston?call\/\">marcsthurston<\/a><br \/>\n<span class=\"hl\">Endere\u00e7o: <\/span>Francis Searchlights Ltd, estrada da uni\u00e3o, Bolton, BL2 2HJ, Reino Unido<\/p>\n<h6>Contatos de e-mail:<\/h6>\n<p><span class=\"hl\">Vendas: <\/span><a href=\"mailto:sales@francis.co.uk\">sales@francis.co.uk<\/a><\/p>\n<p>O n\u00famero de registro da nossa empresa \u00e9: <b>2503257<\/b><\/p>\n<p>Este site \u00e9 totalmente de propriedade e gerenciado por: <strong>Francis Searchlights Limited<\/strong>.<\/p>\n<p>Operamos estritamente dentro das diretrizes da GDPR com o compromisso profissional de proteger e proteger os dados. Este site usa cookies para ajudar a melhorar a sua experi\u00eancia no navegador e nos permite monitorar o uso do site. Os cookies podem ser usados \u200b\u200bpara ajud\u00e1-lo em qualquer visita de retorno ao site &#8211; N\u00f3s n\u00e3o usamos essas informa\u00e7\u00f5es para rastrear a atividade de navega\u00e7\u00e3o pessoal ou h\u00e1bitos de navega\u00e7\u00e3o, nem rastreamos seu uso da Internet ou compartilhamos quaisquer dados pessoais com terceiros sobre sua identidade ou visite nosso site. Caso voc\u00ea n\u00e3o visite este site por um per\u00edodo superior a 2 anos, seus dados de identidade ser\u00e3o exclu\u00eddos do site<\/p>\n<p>No caso de voc\u00ea ter optado por usar cookies em associa\u00e7\u00e3o com o uso deste site, voc\u00ea poder\u00e1 desativ\u00e1-lo a qualquer momento atrav\u00e9s do nosso site. <a href=\"cookie-policy.htm\">pol\u00edtica de cookies<\/a> p\u00e1gina[\/vc_column_text][\/vc_column][\/vc_row]<\/p>\n<\/div>","protected":false},"excerpt":{"rendered":"<p>[vc_row full_width=&#8221;stretch_row_content_no_spaces&#8221; css=&#8221;.vc_custom_1544619986860{margin-top: -50px !important;}&#8221;][vc_column][vc_column_text][iwg_maps][\/vc_column_text][\/vc_column][\/vc_row][vc_row][vc_column][vc_empty_space height=&#8221;50px&#8221;][\/vc_column][&#8230;<\/p>\n","protected":false},"author":1,"featured_media":1758,"parent":0,"menu_order":0,"comment_status":"closed","ping_status":"closed","template":"","meta":{"footnotes":""},"class_list":["post-177","page","type-page","status-publish","has-post-thumbnail","hentry"],"yoast_head":"<!-- This site is optimized with the Yoast SEO plugin v24.4 - https:\/\/yoast.com\/wordpress\/plugins\/seo\/ -->\n<title>building security spotlights search lights lighting contact Francis Searchlights<\/title>\n<meta name=\"description\" content=\"Francis Searchlights specialise in Marine Lighting, Halogen Searchlights, Building Architectural Searchlights Security Lighting, Spotlights, Xenon Searchlights and Defence Lighting\" \/>\n<meta name=\"robots\" content=\"index, follow, max-snippet:-1, max-image-preview:large, max-video-preview:-1\" \/>\n<link rel=\"canonical\" href=\"https:\/\/francis.co.uk\/en_US\/contact-us-distributors\/\" \/>\n<meta property=\"og:locale\" content=\"pt_PT\" \/>\n<meta property=\"og:type\" content=\"article\" \/>\n<meta property=\"og:title\" content=\"building security spotlights search lights lighting contact Francis Searchlights\" \/>\n<meta property=\"og:description\" content=\"Francis Searchlights specialise in Marine Lighting, Halogen Searchlights, Building Architectural Searchlights Security Lighting, Spotlights, Xenon Searchlights and Defence Lighting\" \/>\n<meta property=\"og:url\" content=\"https:\/\/francis.co.uk\/en_US\/contact-us-distributors\/\" \/>\n<meta property=\"og:site_name\" content=\"Francis\" \/>\n<meta property=\"article:modified_time\" content=\"2021-12-14T14:00:03+00:00\" \/>\n<meta property=\"og:image\" content=\"https:\/\/francis.co.uk\/wp-content\/uploads\/2019\/01\/contact-us-banner.jpg\" \/>\n\t<meta property=\"og:image:width\" content=\"1920\" \/>\n\t<meta property=\"og:image:height\" content=\"500\" \/>\n\t<meta property=\"og:image:type\" content=\"image\/jpeg\" \/>\n<meta name=\"twitter:card\" content=\"summary_large_image\" \/>\n<meta name=\"twitter:label1\" content=\"Est. reading time\" \/>\n\t<meta name=\"twitter:data1\" content=\"1 minute\" \/>\n<script type=\"application\/ld+json\" class=\"yoast-schema-graph\">{\"@context\":\"https:\/\/schema.org\",\"@graph\":[{\"@type\":\"WebPage\",\"@id\":\"https:\/\/francis.co.uk\/en_US\/contact-us-distributors\/\",\"url\":\"https:\/\/francis.co.uk\/en_US\/contact-us-distributors\/\",\"name\":\"building security spotlights search lights lighting contact Francis Searchlights\",\"isPartOf\":{\"@id\":\"https:\/\/francis.co.uk\/#website\"},\"primaryImageOfPage\":{\"@id\":\"https:\/\/francis.co.uk\/en_US\/contact-us-distributors\/#primaryimage\"},\"image\":{\"@id\":\"https:\/\/francis.co.uk\/en_US\/contact-us-distributors\/#primaryimage\"},\"thumbnailUrl\":\"https:\/\/francis.co.uk\/wp-content\/uploads\/2019\/01\/contact-us-banner.jpg\",\"datePublished\":\"2018-10-31T21:27:28+00:00\",\"dateModified\":\"2021-12-14T14:00:03+00:00\",\"description\":\"Francis Searchlights specialise in Marine Lighting, Halogen Searchlights, Building Architectural Searchlights Security Lighting, Spotlights, Xenon Searchlights and Defence Lighting\",\"breadcrumb\":{\"@id\":\"https:\/\/francis.co.uk\/en_US\/contact-us-distributors\/#breadcrumb\"},\"inLanguage\":\"pt-PT\",\"potentialAction\":[{\"@type\":\"ReadAction\",\"target\":[\"https:\/\/francis.co.uk\/en_US\/contact-us-distributors\/\"]}]},{\"@type\":\"ImageObject\",\"inLanguage\":\"pt-PT\",\"@id\":\"https:\/\/francis.co.uk\/en_US\/contact-us-distributors\/#primaryimage\",\"url\":\"https:\/\/francis.co.uk\/wp-content\/uploads\/2019\/01\/contact-us-banner.jpg\",\"contentUrl\":\"https:\/\/francis.co.uk\/wp-content\/uploads\/2019\/01\/contact-us-banner.jpg\",\"width\":1920,\"height\":392},{\"@type\":\"BreadcrumbList\",\"@id\":\"https:\/\/francis.co.uk\/en_US\/contact-us-distributors\/#breadcrumb\",\"itemListElement\":[{\"@type\":\"ListItem\",\"position\":1,\"name\":\"Home\",\"item\":\"https:\/\/francis.co.uk\/\"},{\"@type\":\"ListItem\",\"position\":2,\"name\":\"Contact Us & Distributors\"}]},{\"@type\":\"WebSite\",\"@id\":\"https:\/\/francis.co.uk\/#website\",\"url\":\"https:\/\/francis.co.uk\/\",\"name\":\"Francis\",\"description\":\"\",\"publisher\":{\"@id\":\"https:\/\/francis.co.uk\/#organization\"},\"potentialAction\":[{\"@type\":\"SearchAction\",\"target\":{\"@type\":\"EntryPoint\",\"urlTemplate\":\"https:\/\/francis.co.uk\/?s={search_term_string}\"},\"query-input\":{\"@type\":\"PropertyValueSpecification\",\"valueRequired\":true,\"valueName\":\"search_term_string\"}}],\"inLanguage\":\"pt-PT\"},{\"@type\":\"Organization\",\"@id\":\"https:\/\/francis.co.uk\/#organization\",\"name\":\"Francis\",\"url\":\"https:\/\/francis.co.uk\/\",\"logo\":{\"@type\":\"ImageObject\",\"inLanguage\":\"pt-PT\",\"@id\":\"https:\/\/francis.co.uk\/#\/schema\/logo\/image\/\",\"url\":\"https:\/\/francis.co.uk\/wp-content\/uploads\/2019\/01\/cropped-logo-1.png\",\"contentUrl\":\"https:\/\/francis.co.uk\/wp-content\/uploads\/2019\/01\/cropped-logo-1.png\",\"width\":614,\"height\":250,\"caption\":\"Francis\"},\"image\":{\"@id\":\"https:\/\/francis.co.uk\/#\/schema\/logo\/image\/\"}}]}<\/script>\n<!-- \/ Yoast SEO plugin. -->","yoast_head_json":{"title":"building security spotlights search lights lighting contact Francis Searchlights","description":"Francis Searchlights specialise in Marine Lighting, Halogen Searchlights, Building Architectural Searchlights Security Lighting, Spotlights, Xenon Searchlights and Defence Lighting","robots":{"index":"index","follow":"follow","max-snippet":"max-snippet:-1","max-image-preview":"max-image-preview:large","max-video-preview":"max-video-preview:-1"},"canonical":"https:\/\/francis.co.uk\/en_US\/contact-us-distributors\/","og_locale":"pt_PT","og_type":"article","og_title":"building security spotlights search lights lighting contact Francis Searchlights","og_description":"Francis Searchlights specialise in Marine Lighting, Halogen Searchlights, Building Architectural Searchlights Security Lighting, Spotlights, Xenon Searchlights and Defence Lighting","og_url":"https:\/\/francis.co.uk\/en_US\/contact-us-distributors\/","og_site_name":"Francis","article_modified_time":"2021-12-14T14:00:03+00:00","og_image":[{"width":1920,"height":500,"url":"https:\/\/francis.co.uk\/wp-content\/uploads\/2019\/01\/contact-us-banner.jpg","type":"image\/jpeg"}],"twitter_card":"summary_large_image","twitter_misc":{"Est. reading time":"1 minute"},"schema":{"@context":"https:\/\/schema.org","@graph":[{"@type":"WebPage","@id":"https:\/\/francis.co.uk\/en_US\/contact-us-distributors\/","url":"https:\/\/francis.co.uk\/en_US\/contact-us-distributors\/","name":"building security spotlights search lights lighting contact Francis Searchlights","isPartOf":{"@id":"https:\/\/francis.co.uk\/#website"},"primaryImageOfPage":{"@id":"https:\/\/francis.co.uk\/en_US\/contact-us-distributors\/#primaryimage"},"image":{"@id":"https:\/\/francis.co.uk\/en_US\/contact-us-distributors\/#primaryimage"},"thumbnailUrl":"https:\/\/francis.co.uk\/wp-content\/uploads\/2019\/01\/contact-us-banner.jpg","datePublished":"2018-10-31T21:27:28+00:00","dateModified":"2021-12-14T14:00:03+00:00","description":"Francis Searchlights specialise in Marine Lighting, Halogen Searchlights, Building Architectural Searchlights Security Lighting, Spotlights, Xenon Searchlights and Defence Lighting","breadcrumb":{"@id":"https:\/\/francis.co.uk\/en_US\/contact-us-distributors\/#breadcrumb"},"inLanguage":"pt-PT","potentialAction":[{"@type":"ReadAction","target":["https:\/\/francis.co.uk\/en_US\/contact-us-distributors\/"]}]},{"@type":"ImageObject","inLanguage":"pt-PT","@id":"https:\/\/francis.co.uk\/en_US\/contact-us-distributors\/#primaryimage","url":"https:\/\/francis.co.uk\/wp-content\/uploads\/2019\/01\/contact-us-banner.jpg","contentUrl":"https:\/\/francis.co.uk\/wp-content\/uploads\/2019\/01\/contact-us-banner.jpg","width":1920,"height":392},{"@type":"BreadcrumbList","@id":"https:\/\/francis.co.uk\/en_US\/contact-us-distributors\/#breadcrumb","itemListElement":[{"@type":"ListItem","position":1,"name":"Home","item":"https:\/\/francis.co.uk\/"},{"@type":"ListItem","position":2,"name":"Contact Us & Distributors"}]},{"@type":"WebSite","@id":"https:\/\/francis.co.uk\/#website","url":"https:\/\/francis.co.uk\/","name":"Francis","description":"","publisher":{"@id":"https:\/\/francis.co.uk\/#organization"},"potentialAction":[{"@type":"SearchAction","target":{"@type":"EntryPoint","urlTemplate":"https:\/\/francis.co.uk\/?s={search_term_string}"},"query-input":{"@type":"PropertyValueSpecification","valueRequired":true,"valueName":"search_term_string"}}],"inLanguage":"pt-PT"},{"@type":"Organization","@id":"https:\/\/francis.co.uk\/#organization","name":"Francis","url":"https:\/\/francis.co.uk\/","logo":{"@type":"ImageObject","inLanguage":"pt-PT","@id":"https:\/\/francis.co.uk\/#\/schema\/logo\/image\/","url":"https:\/\/francis.co.uk\/wp-content\/uploads\/2019\/01\/cropped-logo-1.png","contentUrl":"https:\/\/francis.co.uk\/wp-content\/uploads\/2019\/01\/cropped-logo-1.png","width":614,"height":250,"caption":"Francis"},"image":{"@id":"https:\/\/francis.co.uk\/#\/schema\/logo\/image\/"}}]}},"_links":{"self":[{"href":"https:\/\/francis.co.uk\/pt_PT\/wp-json\/wp\/v2\/pages\/177","targetHints":{"allow":["GET"]}}],"collection":[{"href":"https:\/\/francis.co.uk\/pt_PT\/wp-json\/wp\/v2\/pages"}],"about":[{"href":"https:\/\/francis.co.uk\/pt_PT\/wp-json\/wp\/v2\/types\/page"}],"author":[{"embeddable":true,"href":"https:\/\/francis.co.uk\/pt_PT\/wp-json\/wp\/v2\/users\/1"}],"replies":[{"embeddable":true,"href":"https:\/\/francis.co.uk\/pt_PT\/wp-json\/wp\/v2\/comments?post=177"}],"version-history":[{"count":156,"href":"https:\/\/francis.co.uk\/pt_PT\/wp-json\/wp\/v2\/pages\/177\/revisions"}],"predecessor-version":[{"id":2162,"href":"https:\/\/francis.co.uk\/pt_PT\/wp-json\/wp\/v2\/pages\/177\/revisions\/2162"}],"wp:featuredmedia":[{"embeddable":true,"href":"https:\/\/francis.co.uk\/pt_PT\/wp-json\/wp\/v2\/media\/1758"}],"wp:attachment":[{"href":"https:\/\/francis.co.uk\/pt_PT\/wp-json\/wp\/v2\/media?parent=177"}],"curies":[{"name":"wp","href":"https:\/\/api.w.org\/{rel}","templated":true}]}}